{"id":45586,"date":"2018-12-10T03:06:47","date_gmt":"2018-12-10T03:06:47","guid":{"rendered":"https:\/\/kahuak.com.ar\/quienes-somos\/"},"modified":"2025-05-07T19:32:37","modified_gmt":"2025-05-07T19:32:37","slug":"quienes-somos","status":"publish","type":"page","link":"https:\/\/kahuak.com.ar\/pt-br\/quienes-somos\/","title":{"rendered":"QUEM SOMOS"},"content":{"rendered":"\t\t<div data-elementor-type=\"wp-page\" data-elementor-id=\"45586\" class=\"elementor elementor-45586\" data-elementor-post-type=\"page\">\n\t\t\t\t<div class=\"elementor-element elementor-element-0c0e7f0 e-flex e-con-boxed e-con e-parent\" data-id=\"0c0e7f0\" data-element_type=\"container\" data-e-type=\"container\" data-settings=\"{&quot;background_background&quot;:&quot;classic&quot;,&quot;jet_parallax_layout_list&quot;:[]}\">\n\t\t\t\t\t<div class=\"e-con-inner\">\n\t\t\t\t\t<\/div>\n\t\t\t\t<\/div>\n\t\t<div class=\"elementor-element elementor-element-d04d1b5 e-flex e-con-boxed e-con e-parent\" data-id=\"d04d1b5\" data-element_type=\"container\" data-e-type=\"container\" data-settings=\"{&quot;jet_parallax_layout_list&quot;:[]}\">\n\t\t\t\t\t<div class=\"e-con-inner\">\n\t\t<div class=\"elementor-element elementor-element-60c7584 e-con-full e-flex e-con e-child\" data-id=\"60c7584\" data-element_type=\"container\" data-e-type=\"container\" data-settings=\"{&quot;jet_parallax_layout_list&quot;:[]}\">\n\t\t\t\t<div class=\"elementor-element elementor-element-6fae879 elementor-widget elementor-widget-heading\" data-id=\"6fae879\" data-element_type=\"widget\" data-e-type=\"widget\" data-widget_type=\"heading.default\">\n\t\t\t\t<div class=\"elementor-widget-container\">\n\t\t\t\t\t<h2 class=\"elementor-heading-title elementor-size-default\">Em Kahuak Turismo criamos grandes momentos com profissionalismo e paix\u00e3o.<\/h2>\t\t\t\t<\/div>\n\t\t\t\t<\/div>\n\t\t\t\t<\/div>\n\t\t<div class=\"elementor-element elementor-element-cb47844 e-con-full e-flex e-con e-child\" data-id=\"cb47844\" data-element_type=\"container\" data-e-type=\"container\" data-settings=\"{&quot;jet_parallax_layout_list&quot;:[]}\">\n\t\t\t\t<div class=\"elementor-element elementor-element-1b41ca0a elementor-widget elementor-widget-text-editor\" data-id=\"1b41ca0a\" data-element_type=\"widget\" data-e-type=\"widget\" data-widget_type=\"text-editor.default\">\n\t\t\t\t<div class=\"elementor-widget-container\">\n\t\t\t\t\t\t\t\t\t<h4>Somos l\u00edderes e refer\u00eancia no turismo receptivo e servi\u00e7os corporativos em Mendoza.<\/h4><p>Convidamos voc\u00ea a desfrutar da aventura na cordilheira dos Andes, experimentar exclusivos tour de vinhos nas mais destacadas vin\u00edcolas da regi\u00e3o e conhecer nossa gastronomia de primeiro n\u00edvel com suas paisagens inesquec\u00edveis.<\/p><p>Somos <strong>Pessoas Boas<\/strong>, movidas pelo <strong>Compromisso<\/strong> e pela constante busca pela <strong>Excel\u00eancia.<\/strong><\/p>\t\t\t\t\t\t\t\t<\/div>\n\t\t\t\t<\/div>\n\t\t\t\t<\/div>\n\t\t\t\t\t<\/div>\n\t\t\t\t<\/div>\n\t\t<div class=\"elementor-element elementor-element-cf1555f e-flex e-con-boxed e-con e-parent\" data-id=\"cf1555f\" data-element_type=\"container\" data-e-type=\"container\" data-settings=\"{&quot;jet_parallax_layout_list&quot;:[]}\">\n\t\t\t\t\t<div class=\"e-con-inner\">\n\t\t<div class=\"elementor-element elementor-element-38f8bfc e-con-full e-flex e-con e-child\" data-id=\"38f8bfc\" data-element_type=\"container\" data-e-type=\"container\" data-settings=\"{&quot;jet_parallax_layout_list&quot;:[]}\">\n\t\t\t\t<div class=\"elementor-element elementor-element-847a09f elementor-widget elementor-widget-text-editor\" data-id=\"847a09f\" data-element_type=\"widget\" data-e-type=\"widget\" data-widget_type=\"text-editor.default\">\n\t\t\t\t<div class=\"elementor-widget-container\">\n\t\t\t\t\t\t\t\t\t<div class=\"wpb_text_column wpb_content_element  st-aboutus-content\"><div class=\"wpb_wrapper\"><h5>Kahuak Turismo em Mendoza\u00e9 uma empresa de turismo receptivo com 18 anos de experi\u00eancia no mercado. Somos uma empresa do tipo Sociedade An\u00f4nima, denominada AKON e registrada na Prov\u00edncia de Mendoza como EVT \u2013 Leg 13.311, aprovada como uma empresa de viagens e turismo pelo Minist\u00e9rio de Turismo da Na\u00e7\u00e3o Argentina.<br \/>Nossa sede operacional e jur\u00eddica fica na rua Rivadavia, 234, em Mendoza. Nossos dados de contato s\u00e3o: +54 261 4238409 ou atrav\u00e9s do email info@kahuak.com.ar<\/h5><\/div><\/div>\t\t\t\t\t\t\t\t<\/div>\n\t\t\t\t<\/div>\n\t\t\t\t<\/div>\n\t\t<div class=\"elementor-element elementor-element-62ae461 e-con-full e-flex e-con e-child\" data-id=\"62ae461\" data-element_type=\"container\" data-e-type=\"container\" data-settings=\"{&quot;jet_parallax_layout_list&quot;:[]}\">\n\t\t\t\t<div class=\"elementor-element elementor-element-86e4280 elementor-widget elementor-widget-heading\" data-id=\"86e4280\" data-element_type=\"widget\" data-e-type=\"widget\" data-widget_type=\"heading.default\">\n\t\t\t\t<div class=\"elementor-widget-container\">\n\t\t\t\t\t<h2 class=\"elementor-heading-title elementor-size-default\">Bem-vindo e obrigado por querer aproveitar sua viagem ao #EstiloKahuak.<\/h2>\t\t\t\t<\/div>\n\t\t\t\t<\/div>\n\t\t\t\t<\/div>\n\t\t\t\t\t<\/div>\n\t\t\t\t<\/div>\n\t\t<div class=\"elementor-element elementor-element-9a65d86 e-flex e-con-boxed e-con e-parent\" data-id=\"9a65d86\" data-element_type=\"container\" data-e-type=\"container\" data-settings=\"{&quot;jet_parallax_layout_list&quot;:[]}\">\n\t\t\t\t\t<div class=\"e-con-inner\">\n\t\t<div class=\"elementor-element elementor-element-897cca3 e-con-full e-flex e-con e-child\" data-id=\"897cca3\" data-element_type=\"container\" data-e-type=\"container\" data-settings=\"{&quot;jet_parallax_layout_list&quot;:[]}\">\n\t\t\t\t<div class=\"elementor-element elementor-element-a8b455e elementor-widget elementor-widget-heading\" data-id=\"a8b455e\" data-element_type=\"widget\" data-e-type=\"widget\" data-widget_type=\"heading.default\">\n\t\t\t\t<div class=\"elementor-widget-container\">\n\t\t\t\t\t<h5 class=\"elementor-heading-title elementor-size-default\">\nMIEMBRO ATIVO DE:<\/h5>\t\t\t\t<\/div>\n\t\t\t\t<\/div>\n\t\t\t\t<\/div>\n\t\t<div class=\"elementor-element elementor-element-4af870c e-con-full e-flex e-con e-child\" data-id=\"4af870c\" data-element_type=\"container\" data-e-type=\"container\" data-settings=\"{&quot;jet_parallax_layout_list&quot;:[]}\">\n\t\t\t\t<div class=\"elementor-element elementor-element-22749a2 elementor-widget elementor-widget-image\" data-id=\"22749a2\" data-element_type=\"widget\" data-e-type=\"widget\" data-widget_type=\"image.default\">\n\t\t\t\t<div class=\"elementor-widget-container\">\n\t\t\t\t\t\t\t\t\t\t\t\t\t\t\t<img decoding=\"async\" width=\"200\" height=\"144\" src=\"https:\/\/kahuak.com.ar\/wp-content\/uploads\/2024\/07\/caminos.webp\" class=\"attachment-large size-large wp-image-44611\" alt=\"| excursiones en Mendoza\">\t\t\t\t\t\t\t\t\t\t\t\t\t\t\t<\/div>\n\t\t\t\t<\/div>\n\t\t\t\t<div class=\"elementor-element elementor-element-27199c1 elementor-widget elementor-widget-image\" data-id=\"27199c1\" data-element_type=\"widget\" data-e-type=\"widget\" data-widget_type=\"image.default\">\n\t\t\t\t<div class=\"elementor-widget-container\">\n\t\t\t\t\t\t\t\t\t\t\t\t\t\t\t<img decoding=\"async\" width=\"200\" height=\"200\" src=\"https:\/\/kahuak.com.ar\/wp-content\/uploads\/2024\/07\/bodegas.webp\" class=\"attachment-large size-large wp-image-44614\" alt=\"| excursiones en Mendoza\" srcset=\"https:\/\/kahuak.com.ar\/wp-content\/uploads\/2024\/07\/bodegas.webp 200w, https:\/\/kahuak.com.ar\/wp-content\/uploads\/2024\/07\/bodegas-150x150.webp 150w, https:\/\/kahuak.com.ar\/wp-content\/uploads\/2024\/07\/bodegas-100x100.webp 100w\" sizes=\"(max-width: 200px) 100vw, 200px\">\t\t\t\t\t\t\t\t\t\t\t\t\t\t\t<\/div>\n\t\t\t\t<\/div>\n\t\t\t\t<div class=\"elementor-element elementor-element-cc44cf5 elementor-widget elementor-widget-image\" data-id=\"cc44cf5\" data-element_type=\"widget\" data-e-type=\"widget\" data-widget_type=\"image.default\">\n\t\t\t\t<div class=\"elementor-widget-container\">\n\t\t\t\t\t\t\t\t\t\t\t\t\t\t\t<img decoding=\"async\" width=\"230\" height=\"145\" src=\"https:\/\/kahuak.com.ar\/wp-content\/uploads\/2024\/07\/mendozab.webp\" class=\"attachment-large size-large wp-image-44617\" alt=\"| excursiones en Mendoza\">\t\t\t\t\t\t\t\t\t\t\t\t\t\t\t<\/div>\n\t\t\t\t<\/div>\n\t\t\t\t<\/div>\n\t\t\t\t\t<\/div>\n\t\t\t\t<\/div>\n\t\t\t\t<\/div>\n\t\t","protected":false},"excerpt":{"rendered":"<p>Em Kahuak Turismo criamos grandes momentos com profissionalismo e paix\u00e3o. Somos l\u00edderes e refer\u00eancia no turismo receptivo e servi\u00e7os corporativos em Mendoza. Convidamos voc\u00ea a desfrutar da aventura na cordilheira dos Andes, experimentar exclusivos tour de vinhos nas mais destacadas vin\u00edcolas da regi\u00e3o e conhecer nossa gastronomia de primeiro n\u00edvel com suas paisagens inesquec\u00edveis. Somos [&hellip;]<\/p>\n","protected":false},"author":2,"featured_media":0,"parent":0,"menu_order":0,"comment_status":"closed","ping_status":"closed","template":"elementor_header_footer","meta":{"_joinchat":[],"footnotes":""},"class_list":["post-45586","page","type-page","status-publish","hentry"],"_links":{"self":[{"href":"https:\/\/kahuak.com.ar\/pt-br\/wp-json\/wp\/v2\/pages\/45586","targetHints":{"allow":["GET"]}}],"collection":[{"href":"https:\/\/kahuak.com.ar\/pt-br\/wp-json\/wp\/v2\/pages"}],"about":[{"href":"https:\/\/kahuak.com.ar\/pt-br\/wp-json\/wp\/v2\/types\/page"}],"author":[{"embeddable":true,"href":"https:\/\/kahuak.com.ar\/pt-br\/wp-json\/wp\/v2\/users\/2"}],"replies":[{"embeddable":true,"href":"https:\/\/kahuak.com.ar\/pt-br\/wp-json\/wp\/v2\/comments?post=45586"}],"version-history":[{"count":5,"href":"https:\/\/kahuak.com.ar\/pt-br\/wp-json\/wp\/v2\/pages\/45586\/revisions"}],"predecessor-version":[{"id":45596,"href":"https:\/\/kahuak.com.ar\/pt-br\/wp-json\/wp\/v2\/pages\/45586\/revisions\/45596"}],"wp:attachment":[{"href":"https:\/\/kahuak.com.ar\/pt-br\/wp-json\/wp\/v2\/media?parent=45586"}],"curies":[{"name":"wp","href":"https:\/\/api.w.org\/{rel}","templated":true}]}}