{"id":45470,"date":"2024-08-19T22:16:40","date_gmt":"2024-08-19T22:16:40","guid":{"rendered":"https:\/\/kahuak.com.ar\/producto\/trekking-aconcagua\/"},"modified":"2025-01-24T16:06:21","modified_gmt":"2025-01-24T16:06:21","slug":"trekking-aconcagua","status":"publish","type":"product","link":"https:\/\/kahuak.com.ar\/pt-br\/producto\/trekking-aconcagua\/","title":{"rendered":"TREKKING ACONCAGUA"},"content":{"rendered":"<div class=\"st-overview\">\n<div class=\"st-description\" data-toggle-section=\"st-description\">\n<p>Nosso \u201cAconcagua Trekking\u201d foi projetado para aquelas pessoas que n\u00e3o ficariam satisfeitas com uma visita curta ao Parque Provincial Aconc\u00e1gua.<br \/>\nNos dirigimos a montanha na dire\u00e7\u00e3o Sudoeste, passando pela famosa Ruta Nacional No. 7. Esta estrada, que conecta a Argentina com o pa\u00eds vizinho, Chile, vai nos surpreender com suas paisagens inesquec\u00edveis; desde a pr\u00e9-cordilheira, com uma altitude de 4.000m a 5.000m, em dire\u00e7\u00e3o \u00e0 cordilheira, onde est\u00e1 localizado o monte Aconc\u00e1gua, com seus 6.962m de altitude. Voc\u00ea poder\u00e1 observar mudan\u00e7as na vegeta\u00e7\u00e3o e a maneira como o vento vai passando pelas montanhas.<br \/>\nAo longo do caminho, passaremos por t\u00faneis e pontes, constru\u00eddos para a antiga ferrovia transandina, que nos acompanhar\u00e1 ao longo do caminho. Ap\u00f3s 3 horas de viagem, chegaremos ao centro de visitantes do Parque Aconc\u00e1gua onde, no escrit\u00f3rio dos Guardaparques, vamos solicitar as licen\u00e7as para o trekking.<br \/>\nAproximadamente ao meio-dia come\u00e7a o trekking em dire\u00e7\u00e3o ao acampamento Confluencia. Passaremos pelo circuito de Lagunas Horcones (2950 metros de altitude) e, ap\u00f3s uma hora de caminhada, chegaremos a Ponte Suspensa sobre o rio Horcones. Continuaremos a caminhada pela \u201cQuebrada del Durazno\u201d e teremos v\u00e1rias paradas para descansar e admirar a paisagem; recarregando as energias com um almo\u00e7o do tipo box lunch. Ap\u00f3s cerca de 4 horas, chegaremos ao primeiro acampamento da rota normal \u201cConfluencia\u201d, a 3.400 metros de altitude. Vamos parar para almo\u00e7ar em algum lugar do acampamento e conheceremos o local. Uma oportunidade \u00fanica de experimentar e ver as expedi\u00e7\u00f5es que seguem seu curso at\u00e9 a Plaza de Mulas.<br \/>\nTendo recarregado as energias, regressamos a Horcones, com chegada prevista ap\u00f3s 3 horas de caminhada, para em seguida retornar a Mendoza.<\/p>\n<\/div>\n<\/div>\n<div class=\"st-highlight\">\n<h3 class=\"st-section-title\">HIGHLIGHTS<\/h3>\n<ul>\n<li>Hor\u00e1rios de partida \/ chegada: a partir das 7h \/ 20h30 aproximadamente<\/li>\n<li>Disponibilidade: Ter\u00e7as, Sextas e Domingos (Desde 15 de novembro at\u00e9 15 de marco)<\/li>\n<li>Dura\u00e7\u00e3o da atividade: 12 horas de excurs\u00e3o.<\/li>\n<li>*os passageiros que estiverem hospedados fora da regi\u00e3o central de Mendoza dever\u00e3o combinar um ponto de encontro em algum hotel selecionado. Notar que os hor\u00e1rios em que buscamos os passageiros para a realiza\u00e7\u00e3o dos tours podem sofrer um atraso de 30 a 45 minutos.<\/li>\n<li>Dicas Kahuak para esta atividade:<\/li>\n<li>&#8211; Mochila pequena para levar objetos pessoais<\/li>\n<li>&#8211; Bon\u00e9 com viseira<\/li>\n<li>&#8211; \u00d3culos de sol<\/li>\n<li>&#8211; Protetor solar (m\u00ednimo FPS 30)<\/li>\n<li>&#8211; Buff (protetor de pesco\u00e7o, orelhas e cabe\u00e7a)<\/li>\n<li>&#8211; Cal\u00e7ado de trekking<\/li>\n<\/ul>\n<\/div>\n<div class=\"st-include\"><\/div>\n","protected":false},"excerpt":{"rendered":"<ul>\n<li>Viaje pela Rodovia Nacional N\u00b0 7, apreciando as vistas do Aconc\u00e1gua e as mudan\u00e7as de vegeta\u00e7\u00e3o<\/li>\n<li>Fa\u00e7a uma caminhada at\u00e9 Conflu\u00eancia, passando pelas Lagoas Horcones e a Ponte P\u00eansil, com uma pausa na Quebrada do Durazno.<\/li>\n<li>Chegue ao acampamento Conflu\u00eancia, explore e retorne a Horcones ap\u00f3s o almo\u00e7o, para depois voltar a Mendoza.<\/li>\n<\/ul>\n","protected":false},"featured_media":45912,"template":"","meta":{"_joinchat":[]},"product_brand":[],"product_cat":[206],"product_tag":[],"class_list":{"0":"post-45470","1":"product","2":"type-product","3":"status-publish","4":"has-post-thumbnail","6":"product_cat-aventura-pt-br","8":"first","9":"instock","10":"virtual","11":"sold-individually","12":"taxable","13":"purchasable","14":"product-type-booking"},"_links":{"self":[{"href":"https:\/\/kahuak.com.ar\/pt-br\/wp-json\/wp\/v2\/product\/45470","targetHints":{"allow":["GET"]}}],"collection":[{"href":"https:\/\/kahuak.com.ar\/pt-br\/wp-json\/wp\/v2\/product"}],"about":[{"href":"https:\/\/kahuak.com.ar\/pt-br\/wp-json\/wp\/v2\/types\/product"}],"wp:featuredmedia":[{"embeddable":true,"href":"https:\/\/kahuak.com.ar\/pt-br\/wp-json\/wp\/v2\/media\/45912"}],"wp:attachment":[{"href":"https:\/\/kahuak.com.ar\/pt-br\/wp-json\/wp\/v2\/media?parent=45470"}],"wp:term":[{"taxonomy":"product_brand","embeddable":true,"href":"https:\/\/kahuak.com.ar\/pt-br\/wp-json\/wp\/v2\/product_brand?post=45470"},{"taxonomy":"product_cat","embeddable":true,"href":"https:\/\/kahuak.com.ar\/pt-br\/wp-json\/wp\/v2\/product_cat?post=45470"},{"taxonomy":"product_tag","embeddable":true,"href":"https:\/\/kahuak.com.ar\/pt-br\/wp-json\/wp\/v2\/product_tag?post=45470"}],"curies":[{"name":"wp","href":"https:\/\/api.w.org\/{rel}","templated":true}]}}