{"id":45475,"date":"2024-08-19T22:10:47","date_gmt":"2024-08-19T22:10:47","guid":{"rendered":"https:\/\/kahuak.com.ar\/producto\/trekking-cerro-arenales-dia-completo\/"},"modified":"2025-01-24T16:03:57","modified_gmt":"2025-01-24T16:03:57","slug":"trekking-cerro-arenales-dia-completo","status":"publish","type":"product","link":"https:\/\/kahuak.com.ar\/pt-br\/producto\/trekking-cerro-arenales-dia-completo\/","title":{"rendered":"TREKKING CERRO ARENALES \u2013 DIA COMPLETO"},"content":{"rendered":"<div class=\"st-overview\">\n<div class=\"st-description\" data-toggle-section=\"st-description\">\n<div class=\"st-overview\">\n<div class=\"st-description\" data-toggle-section=\"st-description\">\n<div class=\"st-overview\">\n<div class=\"st-description\" data-toggle-section=\"st-description\">\n<p>Localizada na \u00e1rea de Vallecitos,\u00a0 o cerro Arenales nos levar\u00e1 ao seu cume de quase 3400 metros de altitude. Uma regi\u00e3o com excelentes condi\u00e7\u00f5es de terreno para trabalhar na aclimata\u00e7\u00e3o de trekkings mais complexos. Desfrutaremos de vistas maravilhosas do vale de Potrerillos e da Cordilheira dos Andes.<\/p>\n<\/div>\n<\/div>\n<div class=\"st-highlight\">\n<h3 class=\"st-section-title\">HIGHLIGHTS<\/h3>\n<ul>\n<li>Hor\u00e1rios de partida \/ chegada: a partir da 08.45h \/ 18h aproximadamente<\/li>\n<li>Disponibilidade: Todos os dias. M\u00ednimo 2 passageiros<\/li>\n<li>Dura\u00e7\u00e3o da atividade: entre 4 e 5 horas de caminhada<\/li>\n<li>Dificuldade: Moderada \/ Dif\u00edcil<\/li>\n<li>Levar roupa confort\u00e1vel, casaco, calcado adequado para caminhada em terreno de montanha e protetor solar.<\/li>\n<\/ul>\n<\/div>\n<\/div>\n<\/div>\n<\/div>\n<\/div>\n","protected":false},"excerpt":{"rendered":"<ul>\n<li>Suba ao Cerro Arenales em Vallecitos, alcan\u00e7ando quase 3400 metros acima do n\u00edvel do mar.<\/li>\n<li>Aproveite o terreno para aclimata\u00e7\u00e3o a trekkings mais complexos.<\/li>\n<li>Admire as vistas espetaculares do Vale de Potrerillos e da pr\u00e9-cordilheira dos Andes do topo.<\/li>\n<\/ul>\n","protected":false},"featured_media":45254,"template":"","meta":{"_joinchat":[]},"product_brand":[],"product_cat":[206],"product_tag":[],"class_list":{"0":"post-45475","1":"product","2":"type-product","3":"status-publish","4":"has-post-thumbnail","6":"product_cat-aventura-pt-br","8":"first","9":"instock","10":"virtual","11":"sold-individually","12":"taxable","13":"purchasable","14":"product-type-booking"},"_links":{"self":[{"href":"https:\/\/kahuak.com.ar\/pt-br\/wp-json\/wp\/v2\/product\/45475","targetHints":{"allow":["GET"]}}],"collection":[{"href":"https:\/\/kahuak.com.ar\/pt-br\/wp-json\/wp\/v2\/product"}],"about":[{"href":"https:\/\/kahuak.com.ar\/pt-br\/wp-json\/wp\/v2\/types\/product"}],"wp:featuredmedia":[{"embeddable":true,"href":"https:\/\/kahuak.com.ar\/pt-br\/wp-json\/wp\/v2\/media\/45254"}],"wp:attachment":[{"href":"https:\/\/kahuak.com.ar\/pt-br\/wp-json\/wp\/v2\/media?parent=45475"}],"wp:term":[{"taxonomy":"product_brand","embeddable":true,"href":"https:\/\/kahuak.com.ar\/pt-br\/wp-json\/wp\/v2\/product_brand?post=45475"},{"taxonomy":"product_cat","embeddable":true,"href":"https:\/\/kahuak.com.ar\/pt-br\/wp-json\/wp\/v2\/product_cat?post=45475"},{"taxonomy":"product_tag","embeddable":true,"href":"https:\/\/kahuak.com.ar\/pt-br\/wp-json\/wp\/v2\/product_tag?post=45475"}],"curies":[{"name":"wp","href":"https:\/\/api.w.org\/{rel}","templated":true}]}}