{"id":45482,"date":"2024-08-07T16:01:44","date_gmt":"2024-08-07T16:01:44","guid":{"rendered":"https:\/\/kahuak.com.ar\/producto\/bike-por-bodegas\/"},"modified":"2025-01-24T14:58:10","modified_gmt":"2025-01-24T14:58:10","slug":"bike-por-bodegas","status":"publish","type":"product","link":"https:\/\/kahuak.com.ar\/pt-br\/producto\/bike-por-bodegas\/","title":{"rendered":"BIKE POR BODEGAS"},"content":{"rendered":"<div class=\"st-overview\">\n<div class=\"st-description\" data-toggle-section=\"st-description\">\n<p>Uma maneira divertida e original de percorrer os\u00a0<b>vinhedos\u00a0<\/b>e<b>\u00a0vin\u00edcolas<\/b>\u00a0na pitoresca regi\u00e3o de\u00a0<b>Vistalba,\u00a0<\/b>em<b>\u00a0Luj\u00e1n de Cuyo.\u00a0<\/b><\/p>\n<p><b><span class=\"Y2IQFc\" lang=\"pt\">Pedalamos\u00a0com a vista da montanha acompanhando o passeio. \u00c9 uma atividade para desfrutar ao ar livre, aprender nas visitas guiadas e, claro, degustar os prestigiosos vinhos. Para finalizar, um almo\u00e7o leve com vinhos.<\/span><\/b><\/p>\n<pre id=\"tw-target-text\" class=\"tw-data-text tw-text-large tw-ta\" dir=\"ltr\" data-placeholder=\"Traducci\u00f3n\"><\/pre>\n<p><b>Dicas Kahuak para esta atividade:\u00a0<\/b><\/p>\n<ul>\n<li>Essa \u00e9 uma atividade<b>\u00a0sustent\u00e1vel,\u00a0<\/b>que n\u00e3o requer grande esfor\u00e7o f\u00edsico, por\u00e9m \u00e9 necess\u00e1rio alguma experi\u00eancia pr\u00e9via pedalando.<\/li>\n<li>Com uma roupa confort\u00e1vel, cal\u00e7ado esportivo e um casaco garantimos um lindo dia para desfrutar ao\u00a0<b>ar livre.\u00a0<\/b><\/li>\n<li>\u00a0N\u00e3o esque\u00e7a o protetor solar e uma garrafinha de \u00e1gua extra, al\u00e9m da inclu\u00edda no tour.<\/li>\n<li>Tomar um bom caf\u00e9 da manh\u00e3 antes de come\u00e7ar o tour, para mais tarde aproveitar as degusta\u00e7\u00f5es de vinho.<\/li>\n<\/ul>\n<p>&nbsp;<\/p>\n<ul>\n<li><b>O imperd\u00edvel:<\/b>\u00a0percorremos a regi\u00e3o de Luj\u00e1n de Cuyo, reconhecida por ser uma das zonas de\u00a0<b>Denomina\u00e7\u00e3o de Origem Controlada da Argentina<\/b><i>,\u00a0<\/i>junto com San Rafael, tamb\u00e9m em Mendoza.<\/li>\n<\/ul>\n<\/div>\n<\/div>\n<div class=\"st-highlight\">\n<h3 class=\"st-section-title\">HIGHLIGHTS<\/h3>\n<ul>\n<li>Hor\u00e1rios de partida* \/ chegada: A partir das 8h15 \/ 16h00 (aproximadamente)<\/li>\n<li>*os passageiros que estiverem hospedados fora da regi\u00e3o central de Mendoza dever\u00e3o combinar um ponto de encontro em algum hotel selecionado. Notar que os hor\u00e1rios em que buscamos os passageiros para a realiza\u00e7\u00e3o dos tours podem sofrer um atraso de 30 a 45 minutos.<\/li>\n<li>Disponibilidade: Quintas y Sabados.<\/li>\n<li>M\u00ednimo: 4 passageiros \/ M\u00e1ximo: 17 passageiros .<\/li>\n<li>Idade m\u00ednima: 14 anos.<\/li>\n<\/ul>\n<\/div>\n<div class=\"st-program\">\n<div class=\"st-title-wrapper\"><\/div>\n<\/div>\n","protected":false},"excerpt":{"rendered":"<ul>\n<li>Passeio de bicicleta de 12 km por Chacras de Coria e Vistalba.<\/li>\n<li>Visita a duas vin\u00edcolas familiares: Bodega Viamonte e Bodega Vistalba.<\/li>\n<li>Almo\u00e7o na Holmes Brewery com brinde de cerveja artesanal, vermute ou vinho.<\/li>\n<\/ul>\n","protected":false},"featured_media":49717,"template":"","meta":{"_joinchat":[]},"product_brand":[],"product_cat":[208],"product_tag":[],"class_list":{"0":"post-45482","1":"product","2":"type-product","3":"status-publish","4":"has-post-thumbnail","6":"product_cat-ruta-del-vino-mendoza","8":"first","9":"instock","10":"virtual","11":"sold-individually","12":"taxable","13":"purchasable","14":"product-type-booking"},"_links":{"self":[{"href":"https:\/\/kahuak.com.ar\/pt-br\/wp-json\/wp\/v2\/product\/45482","targetHints":{"allow":["GET"]}}],"collection":[{"href":"https:\/\/kahuak.com.ar\/pt-br\/wp-json\/wp\/v2\/product"}],"about":[{"href":"https:\/\/kahuak.com.ar\/pt-br\/wp-json\/wp\/v2\/types\/product"}],"wp:featuredmedia":[{"embeddable":true,"href":"https:\/\/kahuak.com.ar\/pt-br\/wp-json\/wp\/v2\/media\/49717"}],"wp:attachment":[{"href":"https:\/\/kahuak.com.ar\/pt-br\/wp-json\/wp\/v2\/media?parent=45482"}],"wp:term":[{"taxonomy":"product_brand","embeddable":true,"href":"https:\/\/kahuak.com.ar\/pt-br\/wp-json\/wp\/v2\/product_brand?post=45482"},{"taxonomy":"product_cat","embeddable":true,"href":"https:\/\/kahuak.com.ar\/pt-br\/wp-json\/wp\/v2\/product_cat?post=45482"},{"taxonomy":"product_tag","embeddable":true,"href":"https:\/\/kahuak.com.ar\/pt-br\/wp-json\/wp\/v2\/product_tag?post=45482"}],"curies":[{"name":"wp","href":"https:\/\/api.w.org\/{rel}","templated":true}]}}