{"id":45497,"date":"2024-08-19T15:13:44","date_gmt":"2024-08-19T15:13:44","guid":{"rendered":"https:\/\/kahuak.com.ar\/producto\/bodegas-medio-dia-2\/"},"modified":"2025-01-24T14:59:35","modified_gmt":"2025-01-24T14:59:35","slug":"bodegas-medio-dia-2","status":"publish","type":"product","link":"https:\/\/kahuak.com.ar\/pt-br\/producto\/bodegas-medio-dia-2\/","title":{"rendered":"BODEGAS MEDIO D\u00cdA"},"content":{"rendered":"<div class=\"st-overview\">\n<div class=\"st-description\" data-toggle-section=\"st-description\">\n<p>Um passeio obrigat\u00f3rio, por uma das \u00e1reas\u00a0<b>vitivin\u00edcolas<\/b>\u00a0mais antigas da regi\u00e3o.<\/p>\n<p>O itiner\u00e1rio come\u00e7a na cidade de Mendoza, desde onde nos dirigimos a zona de\u00a0<b>Luj\u00e1n de Cuyo<\/b>\u00a0ou\u00a0<b>Maip\u00fa\u00a0<\/b>para visitar duas\u00a0<b>vin\u00edcolas<\/b>\u00a0e uma f\u00e1brica de\u00a0<b>azeite de oliva<\/b>, e conhecer o processo de elabora\u00e7\u00e3o tanto\u00a0<b>industrial<\/b>\u00a0como\u00a0<b>artesanal<\/b>\u00a0do vinho e do azeite. Degustaremos seus\u00a0<b>vinhos<\/b>\u00a0e produtos derivados da\u00a0<b>oliveira<\/b>, percorremos cada propriedade, destacando a import\u00e2ncia de ambas ind\u00fastrias emblem\u00e1ticas de nossa prov\u00edncia.<\/p>\n<p>Al\u00e9m disso, durante a atividade conheceremos o sistema de irriga\u00e7\u00e3o nos vinhedos e a sua import\u00e2ncia para o cuidado do recurso h\u00eddrico na comunidade.<\/p>\n<p>&nbsp;<\/p>\n<p><b>Dicas Kahuak para esta atividade:<\/b><\/p>\n<ul>\n<li>Um plano familiar ideal, pelo custo e hor\u00e1rio.<\/li>\n<li>Recomendamos almo\u00e7ar antes da atividade, j\u00e1 que n\u00e3o haver\u00e1 tempo entre uma bodega e outra.<\/li>\n<li>Excelente op\u00e7\u00e3o perto da cidade.<\/li>\n<\/ul>\n<p>&nbsp;<\/p>\n<\/div>\n<\/div>\n<div class=\"st-highlight\">\n<h3 class=\"st-section-title\">HIGHLIGHTS<\/h3>\n<ul>\n<li>Hor\u00e1rios de partida* \/ chegada: a partir das 14h30 \/ 20h (aproximadamente)<\/li>\n<li>\u00a0*os passageiros que estiverem hospedados fora da regi\u00e3o central de Mendoza dever\u00e3o combinar um ponto de encontro em algum hotel selecionado. Notar que os hor\u00e1rios em que buscamos os passageiros para a realiza\u00e7\u00e3o dos tours podem sofrer um atraso de 30 a 45 minutos.<\/li>\n<li>Disponibilidade: Segunda a S\u00e1bado<\/li>\n<li>M\u00ednimo 2 passageiros \/ M\u00e1ximo 23 passageiros<\/li>\n<li>Esta excurs\u00e3o \u00e9 realizada por nossa ag\u00eancia parceira. N\u00c3O \u00e9 operada por Kahuak.<\/li>\n<\/ul>\n<\/div>\n<div class=\"st-program\">\n<div class=\"st-title-wrapper\"><\/div>\n<\/div>\n","protected":false},"excerpt":{"rendered":"<ul>\n<li>Visite vin\u00edcolas hist\u00f3ricas e uma f\u00e1brica de azeite em Luj\u00e1n de Cuyo ou Maip\u00fa.<\/li>\n<li>Deguste vinhos e produtos locais de oliva.<\/li>\n<li>Aprenda sobre a cultura da irriga\u00e7\u00e3o em vinhedos.<\/li>\n<\/ul>\n","protected":false},"featured_media":44869,"template":"","meta":{"_joinchat":[]},"product_brand":[],"product_cat":[208],"product_tag":[],"class_list":{"0":"post-45497","1":"product","2":"type-product","3":"status-publish","4":"has-post-thumbnail","6":"product_cat-ruta-del-vino-mendoza","8":"first","9":"instock","10":"virtual","11":"sold-individually","12":"taxable","13":"purchasable","14":"product-type-booking"},"_links":{"self":[{"href":"https:\/\/kahuak.com.ar\/pt-br\/wp-json\/wp\/v2\/product\/45497","targetHints":{"allow":["GET"]}}],"collection":[{"href":"https:\/\/kahuak.com.ar\/pt-br\/wp-json\/wp\/v2\/product"}],"about":[{"href":"https:\/\/kahuak.com.ar\/pt-br\/wp-json\/wp\/v2\/types\/product"}],"wp:featuredmedia":[{"embeddable":true,"href":"https:\/\/kahuak.com.ar\/pt-br\/wp-json\/wp\/v2\/media\/44869"}],"wp:attachment":[{"href":"https:\/\/kahuak.com.ar\/pt-br\/wp-json\/wp\/v2\/media?parent=45497"}],"wp:term":[{"taxonomy":"product_brand","embeddable":true,"href":"https:\/\/kahuak.com.ar\/pt-br\/wp-json\/wp\/v2\/product_brand?post=45497"},{"taxonomy":"product_cat","embeddable":true,"href":"https:\/\/kahuak.com.ar\/pt-br\/wp-json\/wp\/v2\/product_cat?post=45497"},{"taxonomy":"product_tag","embeddable":true,"href":"https:\/\/kahuak.com.ar\/pt-br\/wp-json\/wp\/v2\/product_tag?post=45497"}],"curies":[{"name":"wp","href":"https:\/\/api.w.org\/{rel}","templated":true}]}}