{"id":45510,"date":"2024-08-19T15:27:47","date_gmt":"2024-08-19T15:27:47","guid":{"rendered":"https:\/\/kahuak.com.ar\/producto\/mendoza-vino-y-oliva\/"},"modified":"2025-09-10T16:24:20","modified_gmt":"2025-09-10T16:24:20","slug":"mendoza-vino-y-oliva","status":"publish","type":"product","link":"https:\/\/kahuak.com.ar\/pt-br\/producto\/mendoza-vino-y-oliva\/","title":{"rendered":"MENDOZA VINHO E OLIVA"},"content":{"rendered":"<div class=\"st-overview\">\n<div class=\"st-description\" data-toggle-section=\"st-description\">\n<p>Mendoza \u00e9 conhecida mundialmente por sua produ\u00e7\u00e3o vitivin\u00edcola, no entanto,\u00a0 possui tamb\u00e9m outra ind\u00fastria muito importante:\u00a0<b>o azeite de oliva<\/b>.<\/p>\n<p>Este tour pretende mostrar e ensinar atrav\u00e9s de grandes produtores localizados na principal zona de cultivo de Mendoza: Luj\u00e1n de Cuyo e Maip\u00fa.<\/p>\n<p>Te convidamos a conhecer nossa bebida nacional, descobrir os segredos do\u00a0<b>Malbec<\/b>\u00a0e conhecer as\u00a0<b>vin\u00edcolas<\/b>\u00a0mais reconhecidas de nossa prov\u00edncia.<\/p>\n<p>&nbsp;<\/p>\n<p><b>Dicas Kahuak para esta atividade<\/b><\/p>\n<ul>\n<li>Tarifas especiais para todas as idades.<\/li>\n<li>Combina\u00e7\u00e3o ideal de vin\u00edcola familiar, vin\u00edcola industrial, visita a uma f\u00e1brica de azeite de oliva e almo\u00e7o Gourmet.<\/li>\n<li>Excelente op\u00e7\u00e3o\u00a0<b>perto<\/b>\u00a0da cidade.<\/li>\n<li>Consulte por op\u00e7\u00f5es\u00a0<b>vegetarianas, veganas e cel\u00edacas<\/b>\u00a0dispon\u00edveis .<\/li>\n<li>Tomar um bom caf\u00e9 da manh\u00e3 antes de come\u00e7ar o tour, para aproveitar melhor as degusta\u00e7\u00f5es.<\/li>\n<\/ul>\n<p>&nbsp;<\/p>\n<p>&nbsp;<\/p>\n<\/div>\n<\/div>\n<div class=\"st-highlight\">\n<h3 class=\"st-section-title\">HIGHLIGHTS<\/h3>\n<ul>\n<li>Hor\u00e1rios de partida* \/ chegada: a partir das 8h30 \/ 17h (aproximadamente)<\/li>\n<li>*os passageiros que estiverem hospedados fora da regi\u00e3o central de Mendoza dever\u00e3o combinar um ponto de encontro em algum hotel selecionado. Notar que os hor\u00e1rios em que buscamos os passageiros para a realiza\u00e7\u00e3o dos tours podem sofrer um atraso de 30 a 45 minutos.<\/li>\n<li>Disponibilidade: Segundas e Sextas.<\/li>\n<li>M\u00ednimo: 2 passageiros \/ M\u00e1ximo: 18 passageiros.<\/li>\n<li>Na impossibilidade de confirma\u00e7\u00e3o de uma das referidas Adegas, esta ser\u00e1 substitu\u00edda por outra Adega com caracter\u00edsticas id\u00eanticas como servi\u00e7o ao Enoturismo e seus produtos.<\/li>\n<\/ul>\n<\/div>\n<div class=\"st-program\">\n<div class=\"st-title-wrapper\"><\/div>\n<\/div>\n","protected":false},"excerpt":{"rendered":"<ul>\n<li>Descubra o Malbec e seus segredos em Mendoza.<\/li>\n<li>Visite as vin\u00edcolas mais emblem\u00e1ticas de Luj\u00e1n de Cuyo e Maip\u00fa.<\/li>\n<li>Mergulhe na cultura da bebida nacional.<\/li>\n<\/ul>\n","protected":false},"featured_media":44920,"template":"","meta":{"_joinchat":[]},"product_brand":[],"product_cat":[208],"product_tag":[],"class_list":{"0":"post-45510","1":"product","2":"type-product","3":"status-publish","4":"has-post-thumbnail","6":"product_cat-ruta-del-vino-mendoza","8":"first","9":"instock","10":"virtual","11":"taxable","12":"purchasable","13":"product-type-simple"},"_links":{"self":[{"href":"https:\/\/kahuak.com.ar\/pt-br\/wp-json\/wp\/v2\/product\/45510","targetHints":{"allow":["GET"]}}],"collection":[{"href":"https:\/\/kahuak.com.ar\/pt-br\/wp-json\/wp\/v2\/product"}],"about":[{"href":"https:\/\/kahuak.com.ar\/pt-br\/wp-json\/wp\/v2\/types\/product"}],"wp:featuredmedia":[{"embeddable":true,"href":"https:\/\/kahuak.com.ar\/pt-br\/wp-json\/wp\/v2\/media\/44920"}],"wp:attachment":[{"href":"https:\/\/kahuak.com.ar\/pt-br\/wp-json\/wp\/v2\/media?parent=45510"}],"wp:term":[{"taxonomy":"product_brand","embeddable":true,"href":"https:\/\/kahuak.com.ar\/pt-br\/wp-json\/wp\/v2\/product_brand?post=45510"},{"taxonomy":"product_cat","embeddable":true,"href":"https:\/\/kahuak.com.ar\/pt-br\/wp-json\/wp\/v2\/product_cat?post=45510"},{"taxonomy":"product_tag","embeddable":true,"href":"https:\/\/kahuak.com.ar\/pt-br\/wp-json\/wp\/v2\/product_tag?post=45510"}],"curies":[{"name":"wp","href":"https:\/\/api.w.org\/{rel}","templated":true}]}}