{"id":45514,"date":"2024-08-19T15:42:43","date_gmt":"2024-08-19T15:42:43","guid":{"rendered":"https:\/\/kahuak.com.ar\/producto\/vinos-y-sabores-de-maipu\/"},"modified":"2025-07-24T16:10:24","modified_gmt":"2025-07-24T16:10:24","slug":"vinos-y-sabores-de-maipu","status":"publish","type":"product","link":"https:\/\/kahuak.com.ar\/pt-br\/producto\/vinos-y-sabores-de-maipu\/","title":{"rendered":"VINHOS E SABORES DE MAIPU"},"content":{"rendered":"<div class=\"st-overview\">\n<div class=\"st-description\" data-toggle-section=\"st-description\">\n<div class=\"st-overview\">\n<div class=\"st-description\" data-toggle-section=\"st-description\">\n<p>Localizada ao leste da cidade, a regi\u00e3o de Maipu nos transporta ao passado. Desde Kahuak convidamos voc\u00ea a conhecer a origem do vinho em Mendoza. Visitaremos bodegas que abriram o caminho a vitivinicultura e ainda hoje conservam a tradi\u00e7\u00e3o familiar. L\u00e1 encontraremos guias atenciosos que v\u00e3o explicar sobre a hist\u00f3ria e a elabora\u00e7\u00e3o de seus vinhos para, em seguida, degust\u00e1-los.<\/p>\n<p>Um tour para compartilhar e desfrutar de um excelente dia de vinhos. A proposta \u00e9 vivenciar essa experi\u00eancia em grupos, junto com outras pessoas que tamb\u00e9m compartem a paix\u00e3o por essa bebida fascinante. Dessa maneira ser\u00e1 poss\u00edvel apreciar cada detalhe da elabora\u00e7\u00e3o do vinho durante as visitas e, como encerramento perfeito do dia, desfrutaremos um almo\u00e7o especialmente preparado para o nosso tour.<\/p>\n<\/div>\n<\/div>\n<div class=\"st-highlight\">\n<h3 class=\"st-section-title\">HIGHLIGHTS<\/h3>\n<ul>\n<li>Hor\u00e1rios de partida \/ chegada: a partir das 8h30 \/ 17h30. *Os passageiros que estiverem hospedados fora da regi\u00e3o central de Mendoza dever\u00e3o combinar um ponto de encontro em algum hotel selecionado. Notar que os hor\u00e1rios em que buscamos os passageiros para a realiza\u00e7\u00e3o dos tours podem sofrer um atraso de 30 a 45 minutos.<\/li>\n<li>Disponibilidade: Ter\u00e7as e S\u00e1bados<\/li>\n<li>Dura\u00e7\u00e3o da atividade: 9 horas de excurs\u00e3o<\/li>\n<li>M\u00ednimo: 2 passageiros \/ M\u00e1ximo: 18 passageiros<\/li>\n<li>Os vinicolas ser\u00e3o confirmados no momento do contato da ag\u00eancia com o passageiro.<\/li>\n<\/ul>\n<\/div>\n<\/div>\n<\/div>\n","protected":false},"excerpt":{"rendered":"<ul>\n<li>Viaje ao passado em Maip\u00fa e explore as vin\u00edcolas pioneiras do vinho.<\/li>\n<li>Aprenda sobre a tradi\u00e7\u00e3o vin\u00edcola e deguste vinhos hist\u00f3ricos.<\/li>\n<li>Desfrute de um almo\u00e7o exclusivo planejado para o tour.<\/li>\n<\/ul>\n","protected":false},"featured_media":44975,"template":"","meta":{"_joinchat":[]},"product_brand":[],"product_cat":[208],"product_tag":[],"class_list":{"0":"post-45514","1":"product","2":"type-product","3":"status-publish","4":"has-post-thumbnail","6":"product_cat-ruta-del-vino-mendoza","8":"first","9":"instock","10":"virtual","11":"sold-individually","12":"taxable","13":"purchasable","14":"product-type-booking"},"_links":{"self":[{"href":"https:\/\/kahuak.com.ar\/pt-br\/wp-json\/wp\/v2\/product\/45514","targetHints":{"allow":["GET"]}}],"collection":[{"href":"https:\/\/kahuak.com.ar\/pt-br\/wp-json\/wp\/v2\/product"}],"about":[{"href":"https:\/\/kahuak.com.ar\/pt-br\/wp-json\/wp\/v2\/types\/product"}],"wp:featuredmedia":[{"embeddable":true,"href":"https:\/\/kahuak.com.ar\/pt-br\/wp-json\/wp\/v2\/media\/44975"}],"wp:attachment":[{"href":"https:\/\/kahuak.com.ar\/pt-br\/wp-json\/wp\/v2\/media?parent=45514"}],"wp:term":[{"taxonomy":"product_brand","embeddable":true,"href":"https:\/\/kahuak.com.ar\/pt-br\/wp-json\/wp\/v2\/product_brand?post=45514"},{"taxonomy":"product_cat","embeddable":true,"href":"https:\/\/kahuak.com.ar\/pt-br\/wp-json\/wp\/v2\/product_cat?post=45514"},{"taxonomy":"product_tag","embeddable":true,"href":"https:\/\/kahuak.com.ar\/pt-br\/wp-json\/wp\/v2\/product_tag?post=45514"}],"curies":[{"name":"wp","href":"https:\/\/api.w.org\/{rel}","templated":true}]}}