{"id":45518,"date":"2024-08-19T16:02:18","date_gmt":"2024-08-19T16:02:18","guid":{"rendered":"https:\/\/kahuak.com.ar\/producto\/experiencia-lujan-de-cuyo-visita-a-bodegas-de-mendoza\/"},"modified":"2025-01-24T15:27:11","modified_gmt":"2025-01-24T15:27:11","slug":"experiencia-lujan-de-cuyo-visita-a-bodegas-de-mendoza","status":"publish","type":"product","link":"https:\/\/kahuak.com.ar\/pt-br\/producto\/experiencia-lujan-de-cuyo-visita-a-bodegas-de-mendoza\/","title":{"rendered":"EXPERIENCIA LUJ\u00c1N DE CUYO"},"content":{"rendered":"<ul>\n<li>\n<div class=\"st-program\">\n<div class=\"st-title-wrapper\">\n<div class=\"st-program\">\n<div class=\"st-title-wrapper\">\n<div class=\"st-overview\">\n<div class=\"st-description\" data-toggle-section=\"st-description\">\n<p>Come\u00e7aremos o nosso passeio visitando a hist\u00f3rica adega Benegas, onde desfrutaremos dos seus vinhos emblem\u00e1ticos acompanhados por uma picada de charcutaria.<\/p>\n<p>Em seguida, iremos \u00e0 Ruca Malen, uma adega muito contempor\u00e2nea onde poderemos provar os seus vinhos enquanto admiramos uma vista deslumbrante da Cordilheira dos Andes.<\/p>\n<p>Para encerrar com chave de ouro, iremos \u00e0 c\u00e9lebre adega Norton, onde visitaremos a maior adega da Am\u00e9rica do Sul e, no final, partilharemos um requintado menu de quatro pratos com harmoniza\u00e7\u00e3o de comida e vinho.<\/p>\n<p><b>Dicas Kahuak para esta atividade:<\/b><\/p>\n<ul>\n<li>\u00a0 \u00a0 \u00a0 \u00a0\u00a0Ideal para pessoas adultas, por\u00e9m voc\u00ea pode consultar pelas Tarifas para menores de idade.<\/li>\n<li>\u00a0 \u00a0 \u00a0 \u00a0\u00a0Excelente op\u00e7\u00e3o\u00a0<b>perto<\/b>\u00a0da cidade, com a possibilidade de degustar mais de 10 vinhos.<\/li>\n<li>\u00a0 \u00a0 \u00a0 \u00a0\u00a0As melhores vistas do Cord\u00f3n del Plata, que v\u00e3o emoldurar suas fotos nesse dia.<\/li>\n<\/ul>\n<\/div>\n<\/div>\n<div class=\"st-highlight\">\n<h3 class=\"st-section-title\">HIGHLIGHTS<\/h3>\n<ul>\n<li>Hor\u00e1rios de partida* \/ chegada: a partir das 08h30 \/ 17h00 (aproximadamente).<\/li>\n<li>*os passageiros que estiverem hospedados fora da regi\u00e3o central de Mendoza dever\u00e3o combinar um ponto de encontro em algum hotel selecionado. Notar que os hor\u00e1rios em que buscamos os passageiros para a realiza\u00e7\u00e3o dos tours podem sofrer um atraso de 30 a 45 minutos.<\/li>\n<li>Disponibilidade: Quarta e S\u00e1bados.<\/li>\n<li>M\u00ednimo: 2 passageiros \/ M\u00e1ximo: 14 passageiros.<\/li>\n<\/ul>\n<\/div>\n<div class=\"st-program\">\n<div class=\"st-title-wrapper\"><\/div>\n<\/div>\n<\/div>\n<\/div>\n<\/div>\n<\/div>\n<\/li>\n<\/ul>\n","protected":false},"excerpt":{"rendered":"<ul>\n<li>Visite as vin\u00edcolas Benegas, Ruca Malen e Norton com degusta\u00e7\u00e3o de mais de 10 vinhos.<\/li>\n<li>T\u00e1bua de frios na Benegas e almo\u00e7o gourmet de quatro tempos na Norton.<\/li>\n<li>Impressionantes vistas da Cordilheira dos Andes durante todo o percurso.<\/li>\n<\/ul>\n","protected":false},"featured_media":44884,"template":"","meta":{"_joinchat":[]},"product_brand":[],"product_cat":[208],"product_tag":[],"class_list":{"0":"post-45518","1":"product","2":"type-product","3":"status-publish","4":"has-post-thumbnail","6":"product_cat-ruta-del-vino-mendoza","8":"first","9":"instock","10":"virtual","11":"sold-individually","12":"taxable","13":"purchasable","14":"product-type-booking"},"_links":{"self":[{"href":"https:\/\/kahuak.com.ar\/pt-br\/wp-json\/wp\/v2\/product\/45518","targetHints":{"allow":["GET"]}}],"collection":[{"href":"https:\/\/kahuak.com.ar\/pt-br\/wp-json\/wp\/v2\/product"}],"about":[{"href":"https:\/\/kahuak.com.ar\/pt-br\/wp-json\/wp\/v2\/types\/product"}],"wp:featuredmedia":[{"embeddable":true,"href":"https:\/\/kahuak.com.ar\/pt-br\/wp-json\/wp\/v2\/media\/44884"}],"wp:attachment":[{"href":"https:\/\/kahuak.com.ar\/pt-br\/wp-json\/wp\/v2\/media?parent=45518"}],"wp:term":[{"taxonomy":"product_brand","embeddable":true,"href":"https:\/\/kahuak.com.ar\/pt-br\/wp-json\/wp\/v2\/product_brand?post=45518"},{"taxonomy":"product_cat","embeddable":true,"href":"https:\/\/kahuak.com.ar\/pt-br\/wp-json\/wp\/v2\/product_cat?post=45518"},{"taxonomy":"product_tag","embeddable":true,"href":"https:\/\/kahuak.com.ar\/pt-br\/wp-json\/wp\/v2\/product_tag?post=45518"}],"curies":[{"name":"wp","href":"https:\/\/api.w.org\/{rel}","templated":true}]}}