{"id":45522,"date":"2024-08-19T16:10:07","date_gmt":"2024-08-19T16:10:07","guid":{"rendered":"https:\/\/kahuak.com.ar\/producto\/experiencia-valle-de-uco\/"},"modified":"2025-01-24T15:27:51","modified_gmt":"2025-01-24T15:27:51","slug":"experiencia-valle-de-uco","status":"publish","type":"product","link":"https:\/\/kahuak.com.ar\/pt-br\/producto\/experiencia-valle-de-uco\/","title":{"rendered":"EXPERIENCIA VALLE DE UCO"},"content":{"rendered":"<div class=\"st-overview\">\n<div class=\"st-description\" data-toggle-section=\"st-description\">\n<p>\u201cAs montanhas e as paisagens maravilhosas do Valle de Uco preparam nossos sentidos para experimentar os sabores e aromas caracter\u00edsticos desses vinhos de altitude.\u201d<\/p>\n<p>Vamos percorrer o caminho de Los Cerrillos passando pelos vinhedos de Luj\u00e1n de Cuyo at\u00e9 chegar ao Valle de Uco, cada vez mais pr\u00f3ximos das paisagens de montanha;\u00a0 conheceremos as vinicolas Salentein e Enzo Bianchi, de las mais destacadas da regi\u00e3o e terminaremos o dia com um harmonioso almo\u00e7o gourmet en Andeluna Wine Cellars.<\/p>\n<p>**Nos dias 24\/12 e 31\/12 visitaremos apenas as vin\u00edcolas Salentein e Andeluna para almo\u00e7o.<\/p>\n<\/div>\n<\/div>\n<div class=\"st-highlight\">\n<h3 class=\"st-section-title\">HIGHLIGHTS<\/h3>\n<ul>\n<li>Hor\u00e1rios de partida \/ chegada: a partir das 08h \/ 18h<\/li>\n<li>Disponibilidade: Terca e Domingos<\/li>\n<li>Dura\u00e7\u00e3o da atividade: 9 horas de excurs\u00e3o<\/li>\n<li>M\u00ednimo: 2 passageiros \/ M\u00e1ximo: 14 passageiros<\/li>\n<li>*os passageiros que estiverem hospedados fora da regi\u00e3o central de Mendoza dever\u00e3o combinar um ponto de encontro em algum hotel selecionado. Notar que os hor\u00e1rios em que buscamos os passageiros para a realiza\u00e7\u00e3o dos tours podem sofrer um atraso de 30 a 45 minutos.<\/li>\n<\/ul>\n<\/div>\n<div class=\"st-program\">\n<div class=\"st-title-wrapper\"><\/div>\n<\/div>\n","protected":false},"excerpt":{"rendered":"<ul>\n<li>Percurso por vinhedos de altitude no Vale de Uco.<\/li>\n<li>Degusta\u00e7\u00e3o de vinhos em vin\u00edcolas como Salentein e Enzo Bianchi.<\/li>\n<li>Almo\u00e7o gourmet com vistas para as paisagens montanhosas.<\/li>\n<li>Ideal para amantes de vinho e fotografia.<\/li>\n<\/ul>\n","protected":false},"featured_media":44981,"template":"","meta":{"_joinchat":[]},"product_brand":[],"product_cat":[208],"product_tag":[],"class_list":{"0":"post-45522","1":"product","2":"type-product","3":"status-publish","4":"has-post-thumbnail","6":"product_cat-ruta-del-vino-mendoza","8":"first","9":"instock","10":"virtual","11":"sold-individually","12":"taxable","13":"purchasable","14":"product-type-booking"},"_links":{"self":[{"href":"https:\/\/kahuak.com.ar\/pt-br\/wp-json\/wp\/v2\/product\/45522","targetHints":{"allow":["GET"]}}],"collection":[{"href":"https:\/\/kahuak.com.ar\/pt-br\/wp-json\/wp\/v2\/product"}],"about":[{"href":"https:\/\/kahuak.com.ar\/pt-br\/wp-json\/wp\/v2\/types\/product"}],"wp:featuredmedia":[{"embeddable":true,"href":"https:\/\/kahuak.com.ar\/pt-br\/wp-json\/wp\/v2\/media\/44981"}],"wp:attachment":[{"href":"https:\/\/kahuak.com.ar\/pt-br\/wp-json\/wp\/v2\/media?parent=45522"}],"wp:term":[{"taxonomy":"product_brand","embeddable":true,"href":"https:\/\/kahuak.com.ar\/pt-br\/wp-json\/wp\/v2\/product_brand?post=45522"},{"taxonomy":"product_cat","embeddable":true,"href":"https:\/\/kahuak.com.ar\/pt-br\/wp-json\/wp\/v2\/product_cat?post=45522"},{"taxonomy":"product_tag","embeddable":true,"href":"https:\/\/kahuak.com.ar\/pt-br\/wp-json\/wp\/v2\/product_tag?post=45522"}],"curies":[{"name":"wp","href":"https:\/\/api.w.org\/{rel}","templated":true}]}}