{"id":45526,"date":"2024-08-19T17:33:38","date_gmt":"2024-08-19T17:33:38","guid":{"rendered":"https:\/\/kahuak.com.ar\/producto\/experiencia-aconcagua\/"},"modified":"2026-01-09T15:20:13","modified_gmt":"2026-01-09T15:20:13","slug":"experiencia-aconcagua","status":"publish","type":"product","link":"https:\/\/kahuak.com.ar\/pt-br\/producto\/experiencia-aconcagua\/","title":{"rendered":"EXPERIENCIA ACONCAGUA"},"content":{"rendered":"<div class=\"st-overview\">\n<div class=\"st-description\" data-toggle-section=\"st-description\">\n<div class=\"st-overview\">\n<div class=\"st-description\" data-toggle-section=\"st-description\">\n<div class=\"st-overview\">\n<div class=\"st-description\" data-toggle-section=\"st-description\">\n<p>O\u00a0<b>monte Aconc\u00e1gua<\/b>\u00a0\u00e9 uma refer\u00eancia\u00a0 indiscut\u00edvel da\u00a0<b>Cordilheira dos Andes<\/b>\u00a0e da\u00a0<b>Argentina<\/b>,\u00a0 uma visita obrigat\u00f3ria para\u00a0<b>andinistas<\/b>\u00a0e turistas do mundo inteiro.<\/p>\n<p>Este tour foi pensado para desfrutar as paisagens inesquec\u00edveis e as grandes hist\u00f3rias que marcaram esse caminho.<\/p>\n<p>Seguimos na dire\u00e7\u00e3o sudoeste pela\u00a0<i>Ruta Provincial 86<\/i>, apreciando as paisagens de\u00a0<b>Cacheuta<\/b>\u00a0at\u00e9 atravessar o t\u00fanel que conecta essa localidade com\u00a0<b>Potrerillos<\/b>. Contemplaremos a maravilhosa vista do\u00a0<b>Cord\u00f3n del Plata<\/b>, principal fonte de \u00e1gua de Mendoza, e do pitoresco\u00a0<b><i>Dique Potrerillos<\/i><\/b>, espelho de \u00e1gua cristalina no meio das montanhas.<\/p>\n<p>Seguiremos por esse caminho, passando por t\u00faneis e pontes at\u00e9 chegar ao vilarejo de\u00a0<b>Uspalllata<\/b>. Novamente faremos uma parada estrat\u00e9gica\u00a0 para obter uma melhor vista desse vale e da regi\u00e3o.<\/p>\n<p>De volta para a estrada, vamos em dire\u00e7\u00e3o ao\u00a0<b>Parque Provincial Aconc\u00e1gua<\/b>. L\u00e1 obtemos os ingressos necess\u00e1rios para realizar uma\u00a0<b>caminhada<\/b>, de aproximadamente 1 hora, at\u00e9 o mirante localizado na\u00a0<b>Laguna de Horcones<\/b>, onde poderemos ver a parede sul e o cume da montanha mais alta da Am\u00e9rica. *Sujeito \u00e0s condi\u00e7\u00f5es clim\u00e1ticas<\/p>\n<p>Para completar o itiner\u00e1rio, teremos um\u00a0<b>almo\u00e7o t\u00edpico de montanha<\/b>\u00a0em um restaurante localizado em\u00a0<b>Las Cuevas<\/b>, na fronteira com o Chile.<\/p>\n<p>J\u00e1 no caminho de volta, percorremos mais alguns quil\u00f4metros at\u00e9 chegar a\u00a0<i>\u201c<\/i><b><i>Puente del Inca<\/i><\/b><i>\u201d,\u00a0<\/i>faremos uma parada obrigat\u00f3ria nesse lugar, que \u00e9 um \u00edcone da cordilheira dos Andes.<\/p>\n<p>*<strong>NOTA<\/strong>: _Informamos que a temporada de neve j\u00e1 come\u00e7ou na regi\u00e3o da Alta Montanha. Como esta rota tamb\u00e9m se conecta a um passo internacional, podem ocorrer atrasos e, em alguns casos, a impossibilidade de realizar o percurso completo. Nesses casos, o passeio ser\u00e1 realizado da mesma forma, visitando outros pontos da montanha permitidos pela Gendarmaria e pelo Departamento de Estrada<\/p>\n<p><b>Dicas Kahuak para esta atividade:<\/b><\/p>\n<p><b>\u00a0<\/b><\/p>\n<ul>\n<li>Recomendamos ir com roupa confort\u00e1vel, cal\u00e7a comprida, casaco leve no ver\u00e3o e refor\u00e7ado no inverno.<\/li>\n<li>Levar documento de identifica\u00e7\u00e3o pessoal, dinheiro em esp\u00e9cie e \u00e1gua mineral.<\/li>\n<li>N\u00e3o esquecer dos \u00f3culos de sol e protetor solar.<\/li>\n<li>Um passeio para os amantes das\u00a0<b>paisagens naturais<\/b>, por sua combina\u00e7\u00e3o de geografia, geologia e\u00a0<b>hist\u00f3ria de Mendoza<\/b>.<\/li>\n<li>O passeio \u00e9 realizado numa zona de grande altitude e poss\u00edveis conting\u00eancias clim\u00e1ticas durante o ano inteiro, o que pode impedir a realiza\u00e7\u00e3o do itiner\u00e1rio completo.<\/li>\n<li>Em Uspallata \u00e9 poss\u00edvel alugar roupa e botas para neve durante o inverno.<\/li>\n<li><b>Plano familiar ideal<\/b>, que requer atividade f\u00edsica moderada*<\/li>\n<\/ul>\n<p><i>*pessoas com problemas card\u00edacos ou alguma outra patologia e mulheres gr\u00e1vidas, consultar seu m\u00e9dico. A altitude m\u00e9dia que alcan\u00e7amos durante o passeio \u00e9 de 3000m a 4200m, dependendo a \u00e9poca do ano.\u00a0<\/i><\/p>\n<p>&nbsp;<\/p>\n<p><b>O imperd\u00edvel:<\/b><\/p>\n<p>Almo\u00e7amos em<b>\u00a0Las Cuevas,\u00a0<\/b>considerado um dos\u00a0<i>Pueblos Aut\u00e9nticos<\/i>\u00a0do nosso pa\u00eds, por sua identidade e idiossincrasia.<\/p>\n<\/div>\n<\/div>\n<div class=\"st-highlight\">\n<h3 class=\"st-section-title\">HIGHLIGHTS<\/h3>\n<ul>\n<li>Hor\u00e1rio de partida* \/ chegada: a partir das 07:30 \/ 19:30hs (aproximadamente)<\/li>\n<li>\u00a0*os passageiros que estiverem hospedados fora da regi\u00e3o central de Mendoza dever\u00e3o combinar um ponto de encontro em algum hotel selecionado. Notar que os hor\u00e1rios em que buscamos os passageiros para a realiza\u00e7\u00e3o dos tours podem sofrer um atraso de 30 a 45 minutos.<\/li>\n<li>Disponibilidade: Segundas, quinta-feira e S\u00e1bados<\/li>\n<li>M\u00e1ximo: 16 passageiros<\/li>\n<\/ul>\n<\/div>\n<div class=\"st-include\"><\/div>\n<\/div>\n<\/div>\n<\/div>\n<\/div>\n","protected":false},"excerpt":{"rendered":"<ul>\n<li>Contemple o Dique Potrerillos e o Cord\u00f3n del Plata, e explore Uspallata com vistas panor\u00e2micas.<\/li>\n<li>Fa\u00e7a uma caminhada pelo Parque Nacional Aconc\u00e1gua at\u00e9 o mirante da Laguna de Horcones.<\/li>\n<li>Admire a Pared Sur, o cume do cerro mais alto da Am\u00e9rica, e o Puente del Inca.<\/li>\n<\/ul>\n","protected":false},"featured_media":45955,"template":"","meta":{"_joinchat":[]},"product_brand":[],"product_cat":[206,210],"product_tag":[],"class_list":{"0":"post-45526","1":"product","2":"type-product","3":"status-publish","4":"has-post-thumbnail","6":"product_cat-aventura-pt-br","7":"product_cat-turismo-pt-br","9":"first","10":"instock","11":"virtual","12":"sold-individually","13":"taxable","14":"purchasable","15":"product-type-booking"},"_links":{"self":[{"href":"https:\/\/kahuak.com.ar\/pt-br\/wp-json\/wp\/v2\/product\/45526","targetHints":{"allow":["GET"]}}],"collection":[{"href":"https:\/\/kahuak.com.ar\/pt-br\/wp-json\/wp\/v2\/product"}],"about":[{"href":"https:\/\/kahuak.com.ar\/pt-br\/wp-json\/wp\/v2\/types\/product"}],"wp:featuredmedia":[{"embeddable":true,"href":"https:\/\/kahuak.com.ar\/pt-br\/wp-json\/wp\/v2\/media\/45955"}],"wp:attachment":[{"href":"https:\/\/kahuak.com.ar\/pt-br\/wp-json\/wp\/v2\/media?parent=45526"}],"wp:term":[{"taxonomy":"product_brand","embeddable":true,"href":"https:\/\/kahuak.com.ar\/pt-br\/wp-json\/wp\/v2\/product_brand?post=45526"},{"taxonomy":"product_cat","embeddable":true,"href":"https:\/\/kahuak.com.ar\/pt-br\/wp-json\/wp\/v2\/product_cat?post=45526"},{"taxonomy":"product_tag","embeddable":true,"href":"https:\/\/kahuak.com.ar\/pt-br\/wp-json\/wp\/v2\/product_tag?post=45526"}],"curies":[{"name":"wp","href":"https:\/\/api.w.org\/{rel}","templated":true}]}}