{"id":45530,"date":"2024-08-19T17:44:27","date_gmt":"2024-08-19T17:44:27","guid":{"rendered":"https:\/\/kahuak.com.ar\/producto\/alta-montana\/"},"modified":"2025-01-24T15:34:17","modified_gmt":"2025-01-24T15:34:17","slug":"alta-montana","status":"publish","type":"product","link":"https:\/\/kahuak.com.ar\/pt-br\/producto\/alta-montana\/","title":{"rendered":"ALTA MONTANHA"},"content":{"rendered":"<div class=\"st-overview\">\n<div class=\"st-description\" data-toggle-section=\"st-description\">\n<div class=\"st-overview\">\n<div class=\"st-description\" data-toggle-section=\"st-description\">\n<p><b>As paisagens mais impressionantes da Cordilheira dos Andes que voc\u00ea n\u00e3o pode perder na sua primeira viagem a Mendoza.\u00a0<\/b><\/p>\n<p>Come\u00e7amos esse passeio pela Ruta Internacional n\u00b07, com a imponente vista do Dique\u00a0<b>Potrerillos<\/b>, que nos surpreende logo ap\u00f3s passarmos pelo T\u00fanel de\u00a0<b>Cacheuta.<\/b><\/p>\n<p>Nossa pr\u00f3xima parada ser\u00e1\u00a0<b>Uspallata.\u00a0<\/b>Desde o ponto mais ao sul do Imp\u00e9rio Inca, seguiremos em dire\u00e7\u00e3o \u00e0s vilas de Picheuta, Polvaredas, Punta de Vacas e a antiga esta\u00e7\u00e3o de esqui\u00a0<b>Los Penitentes.\u00a0<\/b><\/p>\n<p>Em seguida, encontraremos \u00e0s margens do nosso caminho com\u00a0<b>Puente del Inca,\u00a0<\/b>forma\u00e7\u00e3o rochosa que representa uma ponte natural rodeada de fontes de \u00e1gua termal, sobre o rio Las Cuevas. A poucos quil\u00f4metros dali, localizado a 2750 metros de altitude, se encontra o mirante do Colosso da Am\u00e9rica: o\u00a0<b>monte Aconc\u00e1gua<\/b>, que com seus 6.962 metros sobre o n\u00edvel do mar, recebe visitantes de todas as partes do mundo, muitos com o objetivo de alcan\u00e7ar seu cume.<\/p>\n<p>Para finalizar, chegaremos a villa\u00a0<b>Las Cuevas<\/b>, localizada a 3200 metros de altitude, onde faremos uma parada para almo\u00e7ar e percorrer um dos povoados aut\u00eanticos da Argentina.<\/p>\n<p>Entre Las Cuevas e o t\u00fanel internacional que leva ao Chile, se encontra a estrada que permite subir ao Monumento\u00a0<b>Cristo Redentor,\u00a0<\/b>apenas durante o ver\u00e3o. Esse \u00edcone est\u00e1 localizado a 4200 metros de altitude e simboliza a uni\u00e3o entre argentinos e chilenos, desde l\u00e1 \u00e9 poss\u00edvel apreciar uma das fabulosas vistas da cordilheira dos Andes.<\/p>\n<p>&nbsp;<\/p>\n<p><b>Dicas Kahuak para esta atividade:\u00a0<\/b><\/p>\n<ul>\n<li>Recomendamos ir com roupa confort\u00e1vel, cal\u00e7a comprida, casaco leve no ver\u00e3o e refor\u00e7ado no inverno, dinheiro em esp\u00e9cie e \u00e1gua mineral.<\/li>\n<li>N\u00e3o esquecer os \u00f3culos de sol e protetor solar.<\/li>\n<li>Um passeio ideal para os amantes das\u00a0<b>paisagens naturais<\/b>, por sua combina\u00e7\u00e3o de geografia, geologia e hist\u00f3ria de\u00a0<b>Mendoza.\u00a0<\/b><\/li>\n<li>Como viajaremos por uma zona montanhosa, de grandes altitudes e poss\u00edveis conting\u00eancias clim\u00e1ticas ao longo do ano, existe a possibilidade que o itiner\u00e1rio completo n\u00e3o possa ser realizado em certas ocasi\u00f5es.<\/li>\n<\/ul>\n<ul>\n<li>Em Uspallata \u00e9 poss\u00edvel alugar roupa e botas para a\u00a0<b>neve<\/b>, durante o inverno.<\/li>\n<li><b>Plano ideal para fam\u00edlias<\/b>\u00a0e que n\u00e3o requer atividade f\u00edsica*<\/li>\n<\/ul>\n<p><i>* Pessoas com problemas card\u00edacos ou alguma outra patologia e mulheres gr\u00e1vidas, consultar seu m\u00e9dico. A altitude m\u00e9dia varia entre 3000 e 4200 metros, dependendo a \u00e9poca do ano.\u00a0<\/i><\/p>\n<p>&nbsp;<\/p>\n<p><b>O imperd\u00edvel:<\/b>\u00a0Conheceremos um dos locais do famoso filme\u00a0<i>\u201cSete Anos no Tibet\u201d<\/i>, protagonizado pelo ator Brad Pitt, que foi filmado no vale de\u00a0<b>Uspallata.<\/b><\/p>\n<\/div>\n<\/div>\n<div class=\"st-highlight\">\n<h3 class=\"st-section-title\">HIGHLIGHTS<\/h3>\n<ul>\n<li>Hor\u00e1rios de partida \/ chegada: a partir das 7h30 \/ 20h (aproximadamente)<\/li>\n<li>Hor\u00e1rios de partida* \/ chegada: A partir das 7h30 \/ 20h (aproximadamente)<\/li>\n<li><\/li>\n<li>*os passageiros que estiverem hospedados fora da regi\u00e3o central de Mendoza dever\u00e3o combinar um ponto de encontro em algum hotel selecionado. Notar que os hor\u00e1rios em que buscamos os passageiros para a realiza\u00e7\u00e3o dos tours podem sofrer um atraso de 30 a 45 minutos.<\/li>\n<li>Disponibilidade: Todos os dias.<\/li>\n<li>M\u00e1ximo de passageiros: 23 pessoas.<\/li>\n<li>Esta excurs\u00e3o \u00e9 realizada por nossa ag\u00eancia parceira. N\u00c3O \u00e9 operada por Kahuak.<\/li>\n<\/ul>\n<\/div>\n<\/div>\n<\/div>\n","protected":false},"excerpt":{"rendered":"<ul>\n<li>Percorra a Ruta Internacional N\u00b07 com vistas ao Dique Potrerillos e ao T\u00fanel de Cacheuta.<\/li>\n<li>Explore Uspallata, as vilas vizinhas e o Puente del Inca com suas \u00e1guas termais.<\/li>\n<li>Admire o Cerro Aconc\u00e1gua, almoce em Las Cuevas e, no ver\u00e3o, suba ao Monumento Cristo Redentor.<\/li>\n<\/ul>\n","protected":false},"featured_media":45050,"template":"","meta":{"_joinchat":[]},"product_brand":[],"product_cat":[210],"product_tag":[],"class_list":{"0":"post-45530","1":"product","2":"type-product","3":"status-publish","4":"has-post-thumbnail","6":"product_cat-turismo-pt-br","8":"first","9":"instock","10":"virtual","11":"sold-individually","12":"taxable","13":"purchasable","14":"product-type-booking"},"_links":{"self":[{"href":"https:\/\/kahuak.com.ar\/pt-br\/wp-json\/wp\/v2\/product\/45530","targetHints":{"allow":["GET"]}}],"collection":[{"href":"https:\/\/kahuak.com.ar\/pt-br\/wp-json\/wp\/v2\/product"}],"about":[{"href":"https:\/\/kahuak.com.ar\/pt-br\/wp-json\/wp\/v2\/types\/product"}],"wp:featuredmedia":[{"embeddable":true,"href":"https:\/\/kahuak.com.ar\/pt-br\/wp-json\/wp\/v2\/media\/45050"}],"wp:attachment":[{"href":"https:\/\/kahuak.com.ar\/pt-br\/wp-json\/wp\/v2\/media?parent=45530"}],"wp:term":[{"taxonomy":"product_brand","embeddable":true,"href":"https:\/\/kahuak.com.ar\/pt-br\/wp-json\/wp\/v2\/product_brand?post=45530"},{"taxonomy":"product_cat","embeddable":true,"href":"https:\/\/kahuak.com.ar\/pt-br\/wp-json\/wp\/v2\/product_cat?post=45530"},{"taxonomy":"product_tag","embeddable":true,"href":"https:\/\/kahuak.com.ar\/pt-br\/wp-json\/wp\/v2\/product_tag?post=45530"}],"curies":[{"name":"wp","href":"https:\/\/api.w.org\/{rel}","templated":true}]}}