{"id":45534,"date":"2024-08-19T17:56:10","date_gmt":"2024-08-19T17:56:10","guid":{"rendered":"https:\/\/kahuak.com.ar\/producto\/andes-truck\/"},"modified":"2025-01-24T15:37:50","modified_gmt":"2025-01-24T15:37:50","slug":"andes-truck","status":"publish","type":"product","link":"https:\/\/kahuak.com.ar\/pt-br\/producto\/andes-truck\/","title":{"rendered":"ANDES TRUCK"},"content":{"rendered":"<div class=\"st-overview\">\n<div class=\"st-description\" data-toggle-section=\"st-description\">\n<div class=\"st-overview\">\n<div class=\"st-description\" data-toggle-section=\"st-description\">\n<p>Em parceria com ANDES TRUCK, convidamos voc\u00ea a visitar a\u00a0<b>Reserva Natural Villavicencio<\/b>. Um lugar que vai despertar seu esp\u00edrito aventureiro.<\/p>\n<p>A proposta \u00e9 vivenciar a\u00a0<b>natureza<\/b>\u00a0em uma\u00a0<b>experi\u00eancia<\/b>\u00a0que nos levar\u00e1 a descobrir lugares incr\u00edveis e protegidos.<\/p>\n<p>A\u00a0<b>reserva<\/b>\u00a0conta com 72 mil hectares e abriga mais de 450 esp\u00e9cies de flora e fauna nativas da regi\u00e3o. Nesta experi\u00eancia, te convidamos a descobri-las de uma forma diferente e amig\u00e1vel com o\u00a0<b>meio ambiente<\/b>.<\/p>\n<p>&nbsp;<\/p>\n<p><b>Dicas Kahuak para esta atividade:\u00a0<\/b><\/p>\n<ul>\n<li>Recomendamos levar roupa confort\u00e1vel, cal\u00e7a comprida, casaco e cal\u00e7ado desportivo adequado para caminhar.<\/li>\n<li>N\u00e3o esque\u00e7a dos \u00f3culos de sol e protetor solar.<\/li>\n<li>O passeio \u00e9 realizado em uma zona de grande altitude e poss\u00edveis conting\u00eancias clim\u00e1ticas durante o ano inteiro, o que pode impedir a realiza\u00e7\u00e3o do itiner\u00e1rio completo.<\/li>\n<li><b>Plano familiar ideal<\/b>, que requer atividade f\u00edsica moderada*<\/li>\n<\/ul>\n<p><i>*pessoas com problemas card\u00edacos ou alguma outra patologia e mulheres gr\u00e1vidas, consultar seu m\u00e9dico.\u00a0 A altitude m\u00e9dia alcan\u00e7ada \u00e9 de at\u00e9 3200 metros, dependendo a \u00e9poca do ano.\u00a0<\/i><\/p>\n<p>&nbsp;<\/p>\n<p><b>O Imperd\u00edvel:\u00a0<\/b>Os carac\u00f3is de Villavicencio, tamb\u00e9m conhecido como o Caminho das 365 curvas, formam parte da Ruta Provincial 52, que conecta Mendoza com Uspallata e era, antigamente, o principal meio de comunica\u00e7\u00e3o com o\u00a0<b>Chile<\/b>.<\/p>\n<p>&nbsp;<\/p>\n<\/div>\n<\/div>\n<div class=\"st-highlight\">\n<h3 class=\"st-section-title\">HIGHLIGHTS<\/h3>\n<ul>\n<li>Hor\u00e1rios de partida* \/ chegada: a partir das 8h \/ 18h30 (aproximadamente)<\/li>\n<li>*os passageiros que estiverem hospedados fora da regi\u00e3o central de Mendoza dever\u00e3o combinar um ponto de encontro em algum hotel selecionado. Notar que os hor\u00e1rios em que buscamos os passageiros para a realiza\u00e7\u00e3o dos tours podem sofrer um atraso de 30 a 45 minutos.<\/li>\n<li>Disponibilidade: quartas, sextas e s\u00e1bados.<\/li>\n<li>Esta excurs\u00e3o \u00e9 realizada por nossa ag\u00eancia parceira. N\u00c3O \u00e9 operada por Kahuak.<\/li>\n<\/ul>\n<\/div>\n<div class=\"st-include\"><\/div>\n<\/div>\n<\/div>\n","protected":false},"excerpt":{"rendered":"<ul>\n<li>Aventura em 4&#215;4 pelo Camino de las 365 curvas com vistas panor\u00e2micas.<\/li>\n<li>Desfrute de atividades no Parque Villavicencio, incluindo tirolesa e arborismo.<\/li>\n<li>Experimente o zipline mais longo da Am\u00e9rica Latina.<\/li>\n<\/ul>\n","protected":false},"featured_media":45068,"template":"","meta":{"_joinchat":[]},"product_brand":[],"product_cat":[210],"product_tag":[],"class_list":{"0":"post-45534","1":"product","2":"type-product","3":"status-publish","4":"has-post-thumbnail","6":"product_cat-turismo-pt-br","8":"first","9":"instock","10":"virtual","11":"sold-individually","12":"taxable","13":"purchasable","14":"product-type-booking"},"_links":{"self":[{"href":"https:\/\/kahuak.com.ar\/pt-br\/wp-json\/wp\/v2\/product\/45534","targetHints":{"allow":["GET"]}}],"collection":[{"href":"https:\/\/kahuak.com.ar\/pt-br\/wp-json\/wp\/v2\/product"}],"about":[{"href":"https:\/\/kahuak.com.ar\/pt-br\/wp-json\/wp\/v2\/types\/product"}],"wp:featuredmedia":[{"embeddable":true,"href":"https:\/\/kahuak.com.ar\/pt-br\/wp-json\/wp\/v2\/media\/45068"}],"wp:attachment":[{"href":"https:\/\/kahuak.com.ar\/pt-br\/wp-json\/wp\/v2\/media?parent=45534"}],"wp:term":[{"taxonomy":"product_brand","embeddable":true,"href":"https:\/\/kahuak.com.ar\/pt-br\/wp-json\/wp\/v2\/product_brand?post=45534"},{"taxonomy":"product_cat","embeddable":true,"href":"https:\/\/kahuak.com.ar\/pt-br\/wp-json\/wp\/v2\/product_cat?post=45534"},{"taxonomy":"product_tag","embeddable":true,"href":"https:\/\/kahuak.com.ar\/pt-br\/wp-json\/wp\/v2\/product_tag?post=45534"}],"curies":[{"name":"wp","href":"https:\/\/api.w.org\/{rel}","templated":true}]}}