{"id":45538,"date":"2024-08-19T18:00:58","date_gmt":"2024-08-19T18:00:58","guid":{"rendered":"https:\/\/kahuak.com.ar\/producto\/canon-del-atuel\/"},"modified":"2025-01-24T15:41:55","modified_gmt":"2025-01-24T15:41:55","slug":"canon-del-atuel","status":"publish","type":"product","link":"https:\/\/kahuak.com.ar\/pt-br\/producto\/canon-del-atuel\/","title":{"rendered":"CA\u00d1ON DEL ATUEL"},"content":{"rendered":"<div class=\"st-overview\">\n<div class=\"st-description\" data-toggle-section=\"st-description\">\n<div class=\"st-overview\">\n<div class=\"st-description\" data-toggle-section=\"st-description\">\n<p><b><i>As paisagens do sul mendocino que voc\u00ea n\u00e3o pode perder na sua primeira visita a Mendoza.\u00a0<\/i><\/b><\/p>\n<p>Partiremos desde a cidade de Mendoza com destino ao Departamento de\u00a0<b>San Rafael<\/b>, localizado a 260km da cidade.<\/p>\n<p>No caminho conheceremos a Villa Fundacional 25 de Mayo, considerada um verdadeiro museu a c\u00e9u aberto por suas casas constru\u00eddas de\u00a0<i>adobe<\/i>\u00a0(barro e palha), e suas ruas rodeadas de \u00e1rvores centen\u00e1rias.<\/p>\n<p>Em seguida seguiremos at\u00e9 o\u00a0<b><i>Ca\u00f1\u00f3n del Atuel<\/i><\/b>, onde a eros\u00e3o produzida pelo vento e pela \u00e1gua modelaram as rochas, dando um forma que surpreende os visitantes com as maravilhas da natureza.<\/p>\n<p>L\u00e1 poderemos conhecer o\u00a0<b>Dique Valle Grande<\/b>\u00a0e navegar no\u00a0<b>R\u00edo Atuel<\/b>, com as atividades opcionais\u00a0 propostas pelo passeio.<\/p>\n<p>Finalizamos nosso itiner\u00e1rio visitando a cidade de San Rafael e suas ruas pitorescas, para depois iniciar o regresso a Mendoza.<\/p>\n<p>&nbsp;<\/p>\n<p><b>Dicas Kahuak para esta atividade:\u00a0<\/b><\/p>\n<ul>\n<li>Recomendamos levar roupa confort\u00e1vel, cal\u00e7a comprida, casaco e dinheiro em esp\u00e9cie.<\/li>\n<li>N\u00e3o esque\u00e7a os \u00f3culos de sol, protetor solar e \u00e1gua mineral.<\/li>\n<li>Passeio de dia inteiro, embora seja uma atividade familiar, n\u00e3o recomendamos ir com beb\u00eas ou crian\u00e7as muito pequenas.<\/li>\n<li>No Ca\u00f1on \u00e9 poss\u00edvel contratar atividades de aventura, como Rafting ou\u00a0<i>Catamar\u00e1n.\u00a0<\/i>Caso tenha interesse, levar vestimenta adequada (roupa de banho).<\/li>\n<li>Apto para fam\u00edlias, menores e adultos. N\u00e3o requer atividade f\u00edsica*.<\/li>\n<\/ul>\n<p><i>*pessoas com problemas card\u00edacos ou alguma outra patologia e mulheres gr\u00e1vidas consultar seu m\u00e9dico.\u00a0<\/i><\/p>\n<p>&nbsp;<\/p>\n<p><b>O Imperd\u00edvel:\u00a0<\/b>este tour re\u00fane um pouco de tudo, n\u00e3o apenas vamos conhecer a pedra mais antiga da Prov\u00edncia, como tamb\u00e9m teremos partes de montanha, de cidade (San Rafael) e inclusive vistas de vinhedos.<\/p>\n<p>&nbsp;<\/p>\n<\/div>\n<\/div>\n<div class=\"st-highlight\">\n<h3 class=\"st-section-title\">HIGHLIGHTS<\/h3>\n<ul>\n<li>Hor\u00e1rios de partida* \/ chegada: a partir das 7h00 \/ 22h (aproximadamente).<\/li>\n<li>*os passageiros que estiverem hospedados fora da regi\u00e3o central de Mendoza dever\u00e3o combinar um ponto de encontro em algum hotel selecionado. Notar que os hor\u00e1rios em que buscamos os passageiros para a realiza\u00e7\u00e3o dos tours podem sofrer um atraso de 30 a 45 minutos.<\/li>\n<li>Disponibilidade: Quintas e Domingos.<\/li>\n<li>M\u00ednimo: 2 passageiros \/ M\u00e1ximo: 23 passageiros.<\/li>\n<li>Esta excurs\u00e3o \u00e9 realizada por nossa ag\u00eancia parceira. N\u00c3O \u00e9 operada por Kahuak.<\/li>\n<\/ul>\n<\/div>\n<div class=\"st-include\"><\/div>\n<\/div>\n<\/div>\n","protected":false},"excerpt":{"rendered":"<ul>\n<li>Viaje de Mendoza a San Rafael, parando na Villa Fundacional 25 de Mayo.<\/li>\n<li>Explore o Ca\u00f1\u00f3n del Atuel e o Dique Valle Grande, com op\u00e7\u00f5es para navegar no Rio Atuel.<\/li>\n<li>Termine em San Rafael, aproveitando suas ruas pitorescas antes de retornar a Mendoza.<\/li>\n<\/ul>\n","protected":false},"featured_media":45089,"template":"","meta":{"_joinchat":[]},"product_brand":[],"product_cat":[210],"product_tag":[],"class_list":{"0":"post-45538","1":"product","2":"type-product","3":"status-publish","4":"has-post-thumbnail","6":"product_cat-turismo-pt-br","8":"first","9":"instock","10":"virtual","11":"sold-individually","12":"taxable","13":"purchasable","14":"product-type-booking"},"_links":{"self":[{"href":"https:\/\/kahuak.com.ar\/pt-br\/wp-json\/wp\/v2\/product\/45538","targetHints":{"allow":["GET"]}}],"collection":[{"href":"https:\/\/kahuak.com.ar\/pt-br\/wp-json\/wp\/v2\/product"}],"about":[{"href":"https:\/\/kahuak.com.ar\/pt-br\/wp-json\/wp\/v2\/types\/product"}],"wp:featuredmedia":[{"embeddable":true,"href":"https:\/\/kahuak.com.ar\/pt-br\/wp-json\/wp\/v2\/media\/45089"}],"wp:attachment":[{"href":"https:\/\/kahuak.com.ar\/pt-br\/wp-json\/wp\/v2\/media?parent=45538"}],"wp:term":[{"taxonomy":"product_brand","embeddable":true,"href":"https:\/\/kahuak.com.ar\/pt-br\/wp-json\/wp\/v2\/product_brand?post=45538"},{"taxonomy":"product_cat","embeddable":true,"href":"https:\/\/kahuak.com.ar\/pt-br\/wp-json\/wp\/v2\/product_cat?post=45538"},{"taxonomy":"product_tag","embeddable":true,"href":"https:\/\/kahuak.com.ar\/pt-br\/wp-json\/wp\/v2\/product_tag?post=45538"}],"curies":[{"name":"wp","href":"https:\/\/api.w.org\/{rel}","templated":true}]}}