{"id":45542,"date":"2024-08-19T18:11:36","date_gmt":"2024-08-19T18:11:36","guid":{"rendered":"https:\/\/kahuak.com.ar\/producto\/city-tour\/"},"modified":"2026-01-09T15:22:10","modified_gmt":"2026-01-09T15:22:10","slug":"city-tour","status":"publish","type":"product","link":"https:\/\/kahuak.com.ar\/pt-br\/producto\/city-tour\/","title":{"rendered":"CITY TOUR"},"content":{"rendered":"<div class=\"st-overview\">\n<div class=\"st-description\" data-toggle-section=\"st-description\">\n<div class=\"st-overview\">\n<div class=\"st-description\" data-toggle-section=\"st-description\">\n<p>A cidade nos recebe com suas amplas ruas arborizadas e suas \u201cacequias\u201d, uma caracter\u00edstica de Mendoza. O passeio come\u00e7a na\u00a0<b><i>\u00c1rea Fundacional<\/i><\/b>, cora\u00e7\u00e3o do centro hist\u00f3rico da\u00a0<i>Ciudad Vieja.\u00a0<\/i>Em seguida nos dirigimos a\u00a0<b><i>Plaza Independencia<\/i><\/b>, que constitui o centro de cinco pra\u00e7as equidistantes, formando o tra\u00e7ado urbano da cidade.<\/p>\n<p>Depois de visitar o\u00a0<b>Centro C\u00edvico<\/b>, nos dirigimos ao\u00a0<b>Parque General San Mart\u00edn<\/b>, que h\u00e1 mais de um s\u00e9culo representa um dos espa\u00e7os verdes urbanos mais importantes da Argentina, tanto por sua extens\u00e3o como pela proximidade com a cidade. Atualmente possui 307 hectares cultivados, 17 km de estradas e 82 hectares de expans\u00e3o.<\/p>\n<p>A parada obrigat\u00f3ria, para contemplar a cidade em sua m\u00e1xima express\u00e3o, ser\u00e1 no final do nosso itiner\u00e1rio: o monumento hist\u00f3rico ao\u00a0<b><i>Ej\u00e9rcito de los Andes<\/i><\/b><i>,\u00a0<\/i>localizado no\u00a0<b>Cerro de La Gloria<\/b><i>.\u00a0<\/i><\/p>\n<p>&nbsp;<\/p>\n<p><b>Dicas Kahuak para esta atividade:<\/b><\/p>\n<p>&nbsp;<\/p>\n<ul>\n<li><b>Levar\u00a0\u00e1gua, roupa confort\u00e1vel, \u00f3culos de sol e protetor solar.<\/b><\/li>\n<\/ul>\n<p>&nbsp;<\/p>\n<ul>\n<li><b>Ideal para fam\u00edlias<\/b>, menores e adultos. N\u00e3o requer atividade f\u00edsica.<\/li>\n<li>Pelo hor\u00e1rio de regresso, \u00e9 uma boa op\u00e7\u00e3o para quem tiver voos no per\u00edodo da tarde\/noite.<\/li>\n<li>\u00c9 poss\u00edvel combinar este passeio com o Tour de\u00a0<a href=\"https:\/\/kahuak.com.ar\/pt-br\/actividad\/bodegas-medio-dia\/\"><b>Bodegas Mediod\u00eda<\/b><\/a>\u00a0no mesmo dia.<\/li>\n<\/ul>\n<p>&nbsp;<\/p>\n<ul>\n<li><strong>O Imperd\u00edvel:<\/strong>\u00a0Voc\u00ea n\u00e3o apenas ter\u00e1 a oportunidade de conhecer o patrim\u00f4nio hist\u00f3rico da prov\u00edncia de Mendoza, como tamb\u00e9m poder\u00e1 visitar pontos importantes da\u00a0<a href=\"https:\/\/kahuak.com.ar\/rutas-sanmartinianas\/\">Gesta Sanmartiniana.<\/a><\/li>\n<\/ul>\n<p>&nbsp;<\/p>\n<\/div>\n<\/div>\n<div class=\"st-highlight\">\n<h3 class=\"st-section-title\">HIGHLIGHTS<\/h3>\n<ul>\n<li>Hor\u00e1rios de partida* \/ chegada: a partir das 8h30 \/ 13h (aproximadamente)<\/li>\n<li>*os passageiros que estiverem hospedados fora da regi\u00e3o central de Mendoza dever\u00e3o combinar um ponto de encontro em algum hotel selecionado. Notar que os hor\u00e1rios em que buscamos os passageiros para a realiza\u00e7\u00e3o dos tours podem sofrer um atraso de 30 a 45 minutos.<\/li>\n<li>Disponibilidade*: Ter\u00e7as, Quintas e S\u00e1bados.<\/li>\n<li>*consultar pela op\u00e7\u00e3o CITY BUS (com sa\u00eddas di\u00e1rias) e o passeio sustent\u00e1vel.<\/li>\n<li>Esta excurs\u00e3o \u00e9 realizada por nossa ag\u00eancia parceira. N\u00c3O \u00e9 operada por Kahuak.<\/li>\n<\/ul>\n<\/div>\n<\/div>\n<\/div>\n","protected":false},"excerpt":{"rendered":"<ul>\n<li>Explore a \u00c1rea Fundacional e a Plaza Independencia no cora\u00e7\u00e3o hist\u00f3rico de Mendoza.<\/li>\n<li>Percorra o grande e antigo Parque General San Mart\u00edn.<\/li>\n<li>Admire a vista panor\u00e2mica do Cerro de La Gloria, monumento ao Ex\u00e9rcito dos Andes.<\/li>\n<\/ul>\n","protected":false},"featured_media":45098,"template":"","meta":{"_joinchat":[]},"product_brand":[],"product_cat":[210],"product_tag":[],"class_list":{"0":"post-45542","1":"product","2":"type-product","3":"status-publish","4":"has-post-thumbnail","6":"product_cat-turismo-pt-br","8":"first","9":"instock","10":"virtual","11":"sold-individually","12":"taxable","13":"purchasable","14":"product-type-booking"},"_links":{"self":[{"href":"https:\/\/kahuak.com.ar\/pt-br\/wp-json\/wp\/v2\/product\/45542","targetHints":{"allow":["GET"]}}],"collection":[{"href":"https:\/\/kahuak.com.ar\/pt-br\/wp-json\/wp\/v2\/product"}],"about":[{"href":"https:\/\/kahuak.com.ar\/pt-br\/wp-json\/wp\/v2\/types\/product"}],"wp:featuredmedia":[{"embeddable":true,"href":"https:\/\/kahuak.com.ar\/pt-br\/wp-json\/wp\/v2\/media\/45098"}],"wp:attachment":[{"href":"https:\/\/kahuak.com.ar\/pt-br\/wp-json\/wp\/v2\/media?parent=45542"}],"wp:term":[{"taxonomy":"product_brand","embeddable":true,"href":"https:\/\/kahuak.com.ar\/pt-br\/wp-json\/wp\/v2\/product_brand?post=45542"},{"taxonomy":"product_cat","embeddable":true,"href":"https:\/\/kahuak.com.ar\/pt-br\/wp-json\/wp\/v2\/product_cat?post=45542"},{"taxonomy":"product_tag","embeddable":true,"href":"https:\/\/kahuak.com.ar\/pt-br\/wp-json\/wp\/v2\/product_tag?post=45542"}],"curies":[{"name":"wp","href":"https:\/\/api.w.org\/{rel}","templated":true}]}}