{"id":45546,"date":"2024-08-19T18:18:10","date_gmt":"2024-08-19T18:18:10","guid":{"rendered":"https:\/\/kahuak.com.ar\/producto\/villavicencio\/"},"modified":"2026-01-09T15:21:52","modified_gmt":"2026-01-09T15:21:52","slug":"villavicencio","status":"publish","type":"product","link":"https:\/\/kahuak.com.ar\/pt-br\/producto\/villavicencio\/","title":{"rendered":"VILLAVICENCIO"},"content":{"rendered":"<div class=\"st-overview\">\n<div class=\"st-description\" data-toggle-section=\"st-description\">\n<div class=\"st-overview\">\n<div class=\"st-description\" data-toggle-section=\"st-description\">\n<p>Conheceremos paisagens encantadores na zona de Villavicencio, localizada a 3030 metros de altitude. Partimos em dire\u00e7\u00e3o a Zona Industrial e ao Monumento a Canota. Seguimos viagem at\u00e9 o famoso Hotel de Villavicencio, que constituiu a imagem cl\u00e1ssica da montanha mendocina juntamente com seus lindos jardins e parques. Um passeio inesquec\u00edvel em qualquer \u00e9poca do ano, onde os visitantes podem apreciar a beleza da regi\u00e3o e suas tonalidades pr\u00f3prias em cada esta\u00e7\u00e3o do ano.<\/p>\n<p>Aproveite a bel\u00edssima paisagem de Villavicencio e suas minas de \u00e1gua mineral.<\/p>\n<p>Saindo desde Mendoza, iremos pela antiga estrada que conectava a Argentina com o Chile, um caminho cheio de hist\u00f3ria, j\u00e1 que por ali transitou San Mart\u00edn com seu\u00a0<em>Ej\u00e9rcito de Los Andes<\/em>\u00a0em campanha libertadora; para em seguida ir em dire\u00e7\u00e3o a ruta provincial N\u00b052, onde poderemos ver o Monumento de Canota e uma vista maravilhosa da pr\u00e9-cordilheira mendocina.<\/p>\n<p>Chegando ao\u00a0<em>puesto de Vaquer\u00edas<\/em>, antiga parada de\u00a0<em>baquedanos e arrieros,\u00a0<\/em>e hoje o lugar onde funciona a\u00a0<em>primera seccional de Guardaparques<\/em>\u00a0da Reserva Natural Villavicencio, criada no ano 2000. Acompanhados por guias especializados, entraremos em contato com esse delicado equil\u00edbrio ecol\u00f3gico, que possui 70000 hectares de extens\u00e3o.<\/p>\n<p>Em seguida continuaremos em dire\u00e7\u00e3o ao antigo caminho internacional e percorreremos parte do caminho de Caracoles, chamado desta maneira por sua grande quantidade de curvas. Finalmente, ap\u00f3s tirar fotos da quebrada de Villavicencio desde cima, visitaremos o casco hist\u00f3rico do Hotel Villavicencio e seus jardins. \u00c9 uma excelente excurs\u00e3o para quem n\u00e3o tem um dia inteiro dispon\u00edvel para conhecer a regi\u00e3o de montanha de Mendoza.<\/p>\n<\/div>\n<\/div>\n<div class=\"st-highlight\">\n<h3 class=\"st-section-title\">HIGHLIGHTS<\/h3>\n<ul>\n<li>Hor\u00e1rios de partida \/ chegada: a partir das 8h \/ 13h (aproximadamente)<\/li>\n<li>Disponibilidade: Quartas e S\u00e1bados<\/li>\n<li>Dura\u00e7\u00e3o da atividade: 5 horas de excurs\u00e3o<\/li>\n<li>Dicas Kahuak para esta atividade:<\/li>\n<li>Levar roupa confort\u00e1vel, cal\u00e7a comprida e agasalho, dinheiro em esp\u00e9cie, \u00f3culos de sol e protetor solar, \u00e1gua mineral e balas.<\/li>\n<li>Apto para fam\u00edlias, menores e adultos. N\u00e3o requer atividade f\u00edsica.<\/li>\n<li>Esta excurs\u00e3o \u00e9 realizada por nossa agencia parceira. N\u00c3O \u00e9 operada por Kahuak.<\/li>\n<\/ul>\n<\/div>\n<\/div>\n<\/div>\n","protected":false},"excerpt":{"rendered":"<ul>\n<li>Desfrute das paisagens e fontes de \u00e1gua mineral em Villavicencio.<\/li>\n<li>Visite o Hotel de Villavicencio e o Monumento a Canota.<br \/>\n}Explore o posto de Vaquer\u00edas e o caminho de Caracoles.<\/li>\n<\/ul>\n","protected":false},"featured_media":45133,"template":"","meta":{"_joinchat":[]},"product_brand":[],"product_cat":[210],"product_tag":[],"class_list":{"0":"post-45546","1":"product","2":"type-product","3":"status-publish","4":"has-post-thumbnail","6":"product_cat-turismo-pt-br","8":"first","9":"instock","10":"virtual","11":"sold-individually","12":"taxable","13":"purchasable","14":"product-type-booking"},"_links":{"self":[{"href":"https:\/\/kahuak.com.ar\/pt-br\/wp-json\/wp\/v2\/product\/45546","targetHints":{"allow":["GET"]}}],"collection":[{"href":"https:\/\/kahuak.com.ar\/pt-br\/wp-json\/wp\/v2\/product"}],"about":[{"href":"https:\/\/kahuak.com.ar\/pt-br\/wp-json\/wp\/v2\/types\/product"}],"wp:featuredmedia":[{"embeddable":true,"href":"https:\/\/kahuak.com.ar\/pt-br\/wp-json\/wp\/v2\/media\/45133"}],"wp:attachment":[{"href":"https:\/\/kahuak.com.ar\/pt-br\/wp-json\/wp\/v2\/media?parent=45546"}],"wp:term":[{"taxonomy":"product_brand","embeddable":true,"href":"https:\/\/kahuak.com.ar\/pt-br\/wp-json\/wp\/v2\/product_brand?post=45546"},{"taxonomy":"product_cat","embeddable":true,"href":"https:\/\/kahuak.com.ar\/pt-br\/wp-json\/wp\/v2\/product_cat?post=45546"},{"taxonomy":"product_tag","embeddable":true,"href":"https:\/\/kahuak.com.ar\/pt-br\/wp-json\/wp\/v2\/product_tag?post=45546"}],"curies":[{"name":"wp","href":"https:\/\/api.w.org\/{rel}","templated":true}]}}