{"id":45737,"date":"2024-08-19T21:33:55","date_gmt":"2024-08-19T21:33:55","guid":{"rendered":"https:\/\/kahuak.com.ar\/producto\/cabalgata-atardecer\/"},"modified":"2025-03-25T18:12:18","modified_gmt":"2025-03-25T18:12:18","slug":"cabalgata-atardecer","status":"publish","type":"product","link":"https:\/\/kahuak.com.ar\/pt-br\/producto\/cabalgata-atardecer\/","title":{"rendered":"CAVALGADA AO ENTARDECER"},"content":{"rendered":"<div class=\"st-overview\">\n<div class=\"st-overview\">\n<div class=\"st-description\" data-toggle-section=\"st-description\">\n<p>Esta experi\u00eancia \u00e9 realizada em Lunlunta, regi\u00e3o localizada a 40 minutos ao sul da cidade de<b>\u00a0Mendoza.<\/b>\u00a0Vistas incr\u00edveis e paisagens de tirar o f\u00f4lego nos levam a um lugar acolhedor. Nossos \u201cPingos\u201d v\u00e3o nos guiar a lugares onde vamos apreciar o rio, a flora e fauna nativas, na\u00a0<b>Primeira Zona Vitivin\u00edcola<\/b>, com as melhores vistas panor\u00e2micas da Cordilheira dos Andes e com o p\u00f4r do sol como plano de fundo.<\/p>\n<p>A atividade come\u00e7a com a\u00a0<b>cavalgada<\/b>, que dura 2 horas aproximadamente. Finalizaremos o dia com um\u00a0<b>churrasco t\u00edpico criollo<\/b>:\u00a0<b><i>asado<\/i><\/b><i>\u00a0(churrasco)<\/i>, salada, verduras assadas, bebida e frutas da esta\u00e7\u00e3o.<\/p>\n<p>&nbsp;<\/p>\n<p><b>Dicas Kahuak para esta atividade:\u00a0<\/b><\/p>\n<ul>\n<li>Recomendamos ir com roupa confort\u00e1vel, cal\u00e7a comprida, casaco leve no ver\u00e3o e refor\u00e7ado no inverno.<\/li>\n<li>N\u00e3o esque\u00e7a dos \u00f3culos de sol e protetor solar.<\/li>\n<li>Um passeio que inclui todo o necess\u00e1rio, a um excelente pre\u00e7o.<\/li>\n<li>Excelente atividade para desfrutar\u00a0<strong>ao ar livre<\/strong>.<\/li>\n<li>Pedir por opcoes\u00a0<b>vegetarianas, veganas e cel\u00edacas<\/b>.<\/li>\n<\/ul>\n<p>&nbsp;<\/p>\n<p><b>O Imperd\u00edvel:\u00a0<\/b>Experi\u00eancia \u00fanica para observar o entardecer sobre os cavalos; o c\u00e9u de Mendoza se veste de cores como o rosa e o laranja, sempre limpo e luminoso; poucas vezes, por\u00e9m, cheio de nuvens, conforme a esta\u00e7\u00e3o do ano que voc\u00ea escolha para nos visitar.<\/p>\n<\/div>\n<\/div>\n<div class=\"st-highlight\">\n<h3 class=\"st-section-title\">HIGHLIGHTS<\/h3>\n<ul>\n<li>Hor\u00e1rios de partida*\/ chegada: a partir das 17:15 hs\/ 22: 30 hs(aproximadamente)<\/li>\n<li>*os passageiros que ficam em acomoda\u00e7\u00f5es privadas o estiverem hospedados fora da regi\u00e3o central de Mendoza dever\u00e3o combinar um ponto de encontro em algum hotel selecionado. Notar que os hor\u00e1rios em que buscamos os passageiros para a realiza\u00e7\u00e3o dos tours podem sofrer um atraso de 30 a 45 minutos. (Consultar pelo custo adicional para o translado desde outro pontos da Grande Mendoza).<\/li>\n<li>Disponibilidade: Todos os dias.<\/li>\n<li>Apto para maiores de 12 anos.<\/li>\n<li>Para preservar a seguran\u00e7a dos passageiros em caso de conting\u00eancias clim\u00e1ticas, podemos informar a suspens\u00e3o do servi\u00e7o inclusive no mesmo dia da atividade. Existe a possibilidade de reprogramar ou receber a devolu\u00e7\u00e3o completa do valor da excurs\u00e3o.<\/li>\n<\/ul>\n<\/div>\n<div class=\"st-include\"><\/div>\n<\/div>\n","protected":false},"excerpt":{"rendered":"<div class=\"flex max-w-full flex-col flex-grow\">\n<div class=\"min-h-[20px] text-message flex w-full flex-col items-end gap-2 break-words [.text-message+&amp;]:mt-5 overflow-x-auto whitespace-pre-wrap\" dir=\"auto\" data-message-author-role=\"assistant\" data-message-id=\"639c98c7-b89c-4979-b001-2b1a7f544222\">\n<div class=\"flex w-full flex-col gap-1 empty:hidden first:pt-[3px]\">\n<div class=\"markdown prose w-full break-words dark:prose-invert dark\">\n<ul>\n<li>Cavale em Lunlunta com vistas panor\u00e2micas da cordilheira dos Andes.<\/li>\n<li>Experimente uma cavalgada de 2 horas com guia local.<\/li>\n<li>Conclua com um assado t\u00edpico ao p\u00f4r do sol, incluindo carne, saladas e frutas da esta\u00e7\u00e3o.<\/li>\n<\/ul>\n<\/div>\n<\/div>\n<\/div>\n<\/div>\n","protected":false},"featured_media":46021,"template":"","meta":{"_joinchat":[]},"product_brand":[],"product_cat":[206],"product_tag":[],"class_list":{"0":"post-45737","1":"product","2":"type-product","3":"status-publish","4":"has-post-thumbnail","6":"product_cat-aventura-pt-br","8":"first","9":"instock","10":"virtual","11":"sold-individually","12":"taxable","13":"purchasable","14":"product-type-booking"},"_links":{"self":[{"href":"https:\/\/kahuak.com.ar\/pt-br\/wp-json\/wp\/v2\/product\/45737","targetHints":{"allow":["GET"]}}],"collection":[{"href":"https:\/\/kahuak.com.ar\/pt-br\/wp-json\/wp\/v2\/product"}],"about":[{"href":"https:\/\/kahuak.com.ar\/pt-br\/wp-json\/wp\/v2\/types\/product"}],"wp:featuredmedia":[{"embeddable":true,"href":"https:\/\/kahuak.com.ar\/pt-br\/wp-json\/wp\/v2\/media\/46021"}],"wp:attachment":[{"href":"https:\/\/kahuak.com.ar\/pt-br\/wp-json\/wp\/v2\/media?parent=45737"}],"wp:term":[{"taxonomy":"product_brand","embeddable":true,"href":"https:\/\/kahuak.com.ar\/pt-br\/wp-json\/wp\/v2\/product_brand?post=45737"},{"taxonomy":"product_cat","embeddable":true,"href":"https:\/\/kahuak.com.ar\/pt-br\/wp-json\/wp\/v2\/product_cat?post=45737"},{"taxonomy":"product_tag","embeddable":true,"href":"https:\/\/kahuak.com.ar\/pt-br\/wp-json\/wp\/v2\/product_tag?post=45737"}],"curies":[{"name":"wp","href":"https:\/\/api.w.org\/{rel}","templated":true}]}}