{"id":45742,"date":"2024-08-19T21:43:33","date_gmt":"2024-08-19T21:43:33","guid":{"rendered":"https:\/\/kahuak.com.ar\/producto\/rafting-los-arboles-medio-dia\/"},"modified":"2025-01-24T15:53:42","modified_gmt":"2025-01-24T15:53:42","slug":"rafting-los-arboles-medio-dia","status":"publish","type":"product","link":"https:\/\/kahuak.com.ar\/pt-br\/producto\/rafting-los-arboles-medio-dia\/","title":{"rendered":"RAFTING LOS \u00c1RBOLES \u2013 MEIO DIA"},"content":{"rendered":"<div class=\"st-overview\">\n<div class=\"st-description\" data-toggle-section=\"st-description\">\n<div class=\"st-overview\">\n<div class=\"st-description\" data-toggle-section=\"st-description\">\n<p>Navegamos pelo rio Mendoza, na regi\u00e3o de Potrerillos, cercada por belas paisagens e pelo imponente dique.<\/p>\n<p>Cada participante receber\u00e1 seu equipamento e, ap\u00f3s a conversa sobre seguran\u00e7a e o translado para o ponto de partida, mergulharemos no rio para aproveitar a atividade. Com corredeiras que chegam ao n\u00edvel III \/ IV no ver\u00e3o e far\u00e3o desta excurs\u00e3o uma aventura inesquec\u00edvel.<\/p>\n<p>&nbsp;<\/p>\n<\/div>\n<\/div>\n<div class=\"st-highlight\">\n<h3 class=\"st-section-title\">HIGHLIGHTS<\/h3>\n<ul>\n<li>Hor\u00e1rios de partida \/ chegada: a partir da 09h \/ 18h aproximadamente<\/li>\n<li>Disponibilidade: Todos os dias. M\u00ednimo 4 passageiros<\/li>\n<li>Dura\u00e7\u00e3o da atividade: 1 hora de navega\u00e7\u00e3o, excurs\u00e3o de meio dia.<\/li>\n<li>Para preservar a seguran\u00e7a dos passageiros em caso de conting\u00eancias clim\u00e1ticas, podemos informar a suspens\u00e3o do servi\u00e7o inclusive no mesmo dia da atividade. Existe a possibilidade de reprogramar ou receber a devolu\u00e7\u00e3o completa do valor da excurs\u00e3o.<\/li>\n<li>*os passageiros que estiverem hospedados fora da regi\u00e3o central de Mendoza dever\u00e3o combinar um ponto de encontro em algum hotel selecionado. Notar que os hor\u00e1rios em que buscamos os passageiros para a realiza\u00e7\u00e3o dos tours podem sofrer um atraso de 30 a 45 minutos.<\/li>\n<li>* Essa \u00e9 uma atividade de \u00bd dia e o transfer volta para a cidade apenas na parte da tarde. Podem passar a tarde em Potrerillos ou podem combinar esta com outra atividade de aventura<\/li>\n<li>Dicas Kahuak para essa atividade:<\/li>\n<li>Levar roupa confort\u00e1vel, cal\u00e7a comprida e casaco, \u00f3culos de sol e protetor solar, \u00e1gua mineral.<\/li>\n<\/ul>\n<\/div>\n<div class=\"st-include\"><\/div>\n<\/div>\n<\/div>\n","protected":false},"excerpt":{"rendered":"<ul>\n<li>Navegue pelo Rio Mendoza em Potrerillos, rodeado de paisagens e pelo Dique.<\/li>\n<li>Desfrute de corredeiras de n\u00edvel III\/IV para uma aventura emocionante.<\/li>\n<\/ul>\n","protected":false},"featured_media":45295,"template":"","meta":{"_joinchat":[]},"product_brand":[],"product_cat":[206],"product_tag":[],"class_list":{"0":"post-45742","1":"product","2":"type-product","3":"status-publish","4":"has-post-thumbnail","6":"product_cat-aventura-pt-br","8":"first","9":"instock","10":"virtual","11":"sold-individually","12":"taxable","13":"purchasable","14":"product-type-booking"},"_links":{"self":[{"href":"https:\/\/kahuak.com.ar\/pt-br\/wp-json\/wp\/v2\/product\/45742","targetHints":{"allow":["GET"]}}],"collection":[{"href":"https:\/\/kahuak.com.ar\/pt-br\/wp-json\/wp\/v2\/product"}],"about":[{"href":"https:\/\/kahuak.com.ar\/pt-br\/wp-json\/wp\/v2\/types\/product"}],"wp:featuredmedia":[{"embeddable":true,"href":"https:\/\/kahuak.com.ar\/pt-br\/wp-json\/wp\/v2\/media\/45295"}],"wp:attachment":[{"href":"https:\/\/kahuak.com.ar\/pt-br\/wp-json\/wp\/v2\/media?parent=45742"}],"wp:term":[{"taxonomy":"product_brand","embeddable":true,"href":"https:\/\/kahuak.com.ar\/pt-br\/wp-json\/wp\/v2\/product_brand?post=45742"},{"taxonomy":"product_cat","embeddable":true,"href":"https:\/\/kahuak.com.ar\/pt-br\/wp-json\/wp\/v2\/product_cat?post=45742"},{"taxonomy":"product_tag","embeddable":true,"href":"https:\/\/kahuak.com.ar\/pt-br\/wp-json\/wp\/v2\/product_tag?post=45742"}],"curies":[{"name":"wp","href":"https:\/\/api.w.org\/{rel}","templated":true}]}}