{"id":45750,"date":"2024-08-19T22:01:23","date_gmt":"2024-08-19T22:01:23","guid":{"rendered":"https:\/\/kahuak.com.ar\/producto\/trekking-con-rappel-cascada-del-salto-medio-dia\/"},"modified":"2025-01-24T15:58:59","modified_gmt":"2025-01-24T15:58:59","slug":"trekking-con-rappel-cascada-del-salto-medio-dia","status":"publish","type":"product","link":"https:\/\/kahuak.com.ar\/pt-br\/producto\/trekking-con-rappel-cascada-del-salto-medio-dia\/","title":{"rendered":"TREKKING COM RAPPEL | GARGANTA DEL DIABLO- MEIO DIA"},"content":{"rendered":"<div class=\"st-overview\">\n<div class=\"st-description\" data-toggle-section=\"st-description\">\n<div class=\"st-overview\">\n<div class=\"st-description\" data-toggle-section=\"st-description\">\n<p>Caminharemos ao longo da beira de um riacho at\u00e9 chegarmos a uma cachoeira de 18m, descendo por ali realizando rapel. A subida at\u00e9 a cachoeira levar\u00e1 cerca de 2 horas.<\/p>\n<p>Desfrute do rapel na terceira cachoeira de La Quebrada del Salto!<\/p>\n<\/div>\n<\/div>\n<div class=\"st-highlight\">\n<h3 class=\"st-section-title\">HIGHLIGHTS<\/h3>\n<ul>\n<li>Hor\u00e1rios de partida \/ chegada: a partir da 08.45h \/ 18h aproximadamente<\/li>\n<li>Disponibilidade: Todos os dias. M\u00ednimo 2 passageiros<\/li>\n<li>Dura\u00e7\u00e3o da atividade: 3 horas de caminhada<\/li>\n<li>*os passageiros que estiverem hospedados fora da regi\u00e3o central de Mendoza dever\u00e3o combinar um ponto de encontro em algum hotel selecionado. Notar que os hor\u00e1rios em que buscamos os passageiros para a realiza\u00e7\u00e3o dos tours podem sofrer um atraso de 30 a 45 minutos.<\/li>\n<li>* Essa \u00e9 uma atividade de \u00bd dia e o transfer volta para a cidade apenas na parte da tarde. Podem passar a tarde em Potrerillos ou podem combinar esta com outra atividade de aventura<\/li>\n<li>Dicas Kahuak para essa atividade:<\/li>\n<li>Levar roupa confort\u00e1vel, casaco, cal\u00e7ado adequado para caminhada em terreno de montanha e protetor solar.<\/li>\n<\/ul>\n<\/div>\n<\/div>\n<\/div>\n","protected":false},"excerpt":{"rendered":"<ul>\n<li>Caminhe pela margem do arroio em Potrerillos at\u00e9 chegar a uma cachoeira de 18 metros.<\/li>\n<li>Des\u00e7a a cachoeira em rapel ap\u00f3s uma ascens\u00e3o de 2 horas.<\/li>\n<li>Desfrute do rapel na terceira cachoeira da Quebrada del Salto.<\/li>\n<\/ul>\n","protected":false},"featured_media":45340,"template":"","meta":{"_joinchat":[]},"product_brand":[],"product_cat":[206],"product_tag":[],"class_list":{"0":"post-45750","1":"product","2":"type-product","3":"status-publish","4":"has-post-thumbnail","6":"product_cat-aventura-pt-br","8":"first","9":"instock","10":"virtual","11":"sold-individually","12":"taxable","13":"purchasable","14":"product-type-booking"},"_links":{"self":[{"href":"https:\/\/kahuak.com.ar\/pt-br\/wp-json\/wp\/v2\/product\/45750","targetHints":{"allow":["GET"]}}],"collection":[{"href":"https:\/\/kahuak.com.ar\/pt-br\/wp-json\/wp\/v2\/product"}],"about":[{"href":"https:\/\/kahuak.com.ar\/pt-br\/wp-json\/wp\/v2\/types\/product"}],"wp:featuredmedia":[{"embeddable":true,"href":"https:\/\/kahuak.com.ar\/pt-br\/wp-json\/wp\/v2\/media\/45340"}],"wp:attachment":[{"href":"https:\/\/kahuak.com.ar\/pt-br\/wp-json\/wp\/v2\/media?parent=45750"}],"wp:term":[{"taxonomy":"product_brand","embeddable":true,"href":"https:\/\/kahuak.com.ar\/pt-br\/wp-json\/wp\/v2\/product_brand?post=45750"},{"taxonomy":"product_cat","embeddable":true,"href":"https:\/\/kahuak.com.ar\/pt-br\/wp-json\/wp\/v2\/product_cat?post=45750"},{"taxonomy":"product_tag","embeddable":true,"href":"https:\/\/kahuak.com.ar\/pt-br\/wp-json\/wp\/v2\/product_tag?post=45750"}],"curies":[{"name":"wp","href":"https:\/\/api.w.org\/{rel}","templated":true}]}}