{"id":45754,"date":"2024-08-19T22:07:00","date_gmt":"2024-08-19T22:07:00","guid":{"rendered":"https:\/\/kahuak.com.ar\/producto\/trekking-cerro-cabras-dia-completo\/"},"modified":"2025-01-24T16:02:48","modified_gmt":"2025-01-24T16:02:48","slug":"trekking-cerro-cabras-dia-completo","status":"publish","type":"product","link":"https:\/\/kahuak.com.ar\/pt-br\/producto\/trekking-cerro-cabras-dia-completo\/","title":{"rendered":"TREKKING CERRO CABRAS \u2013 D\u00cdA COMPLETO"},"content":{"rendered":"<div class=\"st-overview\">\n<div class=\"st-description\" data-toggle-section=\"st-description\">\n<div class=\"st-overview\">\n<div class=\"st-description\" data-toggle-section=\"st-description\">\n<p>Um passeio de baixa dificuldade para apreciar Potrerillos, onde chegaremos a quase 2200 metros de altitude e descobriremos vistas maravilhosas do vale e da cordilheira dos Andes.<\/p>\n<p>&nbsp;<\/p>\n<\/div>\n<\/div>\n<div class=\"st-highlight\">\n<h3 class=\"st-section-title\">HIGHLIGHTS<\/h3>\n<ul>\n<li>Hor\u00e1rios de partida \/ chegada: a partir da 08.45h \/ 18h aproximadamente<\/li>\n<li>Disponibilidade: Todos os dias. M\u00ednimo 2 passageiros<\/li>\n<li>Dura\u00e7\u00e3o da atividade: entre 3 e 4 horas de caminhada<\/li>\n<li>Dificuldade: Moderada \/ F\u00e1cil<\/li>\n<li>Levar roupa confort\u00e1vel, casaco, cal\u00e7ado adequado para caminhada em terreno de montanha e protetor solar.<\/li>\n<\/ul>\n<\/div>\n<\/div>\n<\/div>\n","protected":false},"excerpt":{"rendered":"<ul>\n<li>Fa\u00e7a uma caminhada f\u00e1cil em Potrerillos, alcan\u00e7ando quase 2200 metros acima do n\u00edvel do mar.<\/li>\n<li>Desfrute de vistas impressionantes do Vale e da pr\u00e9-cordilheira dos Andes.<\/li>\n<\/ul>\n","protected":false},"featured_media":45310,"template":"","meta":{"_joinchat":[]},"product_brand":[],"product_cat":[206],"product_tag":[],"class_list":{"0":"post-45754","1":"product","2":"type-product","3":"status-publish","4":"has-post-thumbnail","6":"product_cat-aventura-pt-br","8":"first","9":"instock","10":"virtual","11":"sold-individually","12":"taxable","13":"purchasable","14":"product-type-booking"},"_links":{"self":[{"href":"https:\/\/kahuak.com.ar\/pt-br\/wp-json\/wp\/v2\/product\/45754","targetHints":{"allow":["GET"]}}],"collection":[{"href":"https:\/\/kahuak.com.ar\/pt-br\/wp-json\/wp\/v2\/product"}],"about":[{"href":"https:\/\/kahuak.com.ar\/pt-br\/wp-json\/wp\/v2\/types\/product"}],"wp:featuredmedia":[{"embeddable":true,"href":"https:\/\/kahuak.com.ar\/pt-br\/wp-json\/wp\/v2\/media\/45310"}],"wp:attachment":[{"href":"https:\/\/kahuak.com.ar\/pt-br\/wp-json\/wp\/v2\/media?parent=45754"}],"wp:term":[{"taxonomy":"product_brand","embeddable":true,"href":"https:\/\/kahuak.com.ar\/pt-br\/wp-json\/wp\/v2\/product_brand?post=45754"},{"taxonomy":"product_cat","embeddable":true,"href":"https:\/\/kahuak.com.ar\/pt-br\/wp-json\/wp\/v2\/product_cat?post=45754"},{"taxonomy":"product_tag","embeddable":true,"href":"https:\/\/kahuak.com.ar\/pt-br\/wp-json\/wp\/v2\/product_tag?post=45754"}],"curies":[{"name":"wp","href":"https:\/\/api.w.org\/{rel}","templated":true}]}}