{"id":45759,"date":"2024-08-25T15:05:47","date_gmt":"2024-08-25T15:05:47","guid":{"rendered":"https:\/\/kahuak.com.ar\/producto\/cruce-de-los-andes-a-caballo-paso-piuquenes\/"},"modified":"2024-08-25T15:11:26","modified_gmt":"2024-08-25T15:11:26","slug":"cruce-de-los-andes-a-caballo-paso-piuquenes","status":"publish","type":"product","link":"https:\/\/kahuak.com.ar\/pt-br\/producto\/cruce-de-los-andes-a-caballo-paso-piuquenes\/","title":{"rendered":"CRUCE DE LOS ANDES A CAVALO \u2013 PASO PIUQUENES"},"content":{"rendered":"<div class=\"st-overview\">\n<div class=\"st-description\" data-toggle-section=\"st-description\">\n<div class=\"st-overview\">\n<div class=\"st-description\" data-toggle-section=\"st-description\">\n<p>Percorremos caminhos de montanha subindo a 4380m (Portillo argentino), atravessando a Cordilheira dos Andes de leste a oeste para, assim, cruzar a fronteira com o Chile por El Paso Portillo de Piuquenes.<\/p>\n<p>\u00c9 um caminho hist\u00f3rico, sendo uma das seis rotas\u00a0<i>Sanmartinianas<\/i>, por onde passaram<\/p>\n<p>as colunas do ex\u00e9rcito\u00a0<i>de los Andes<\/i>\u00a0sob o comando do general Don Jos\u00e9 de San Mart\u00edn, al\u00e9m de ser a rota escolhida por Charles Darwin em 1835, na sua viagem do Chile para a Argentina.<\/p>\n<\/div>\n<\/div>\n<div class=\"st-highlight\">\n<h3 class=\"st-section-title\">HIGHLIGHTS<\/h3>\n<ul>\n<li>Hor\u00e1rio de partida: a partir das 08h<\/li>\n<li>Disponibilidade: De novembro a mar\u00e7o (consulte as datas confirmadas).<\/li>\n<li>Dura\u00e7\u00e3o da atividade: 6 dias \/ 5 noites<\/li>\n<\/ul>\n<\/div>\n<\/div>\n<\/div>\n","protected":false},"excerpt":{"rendered":"<ul>\n<li>Suba a 4380 metros em Portillo Argentino.<\/li>\n<li>Siga a rota hist\u00f3rica de San Mart\u00edn e Darwin.<\/li>\n<li>Cruze a Cordilheira dos Andes entre o Chile e a Argentina.<\/li>\n<\/ul>\n","protected":false},"featured_media":45934,"template":"","meta":{"_joinchat":[]},"product_brand":[],"product_cat":[206,218],"product_tag":[],"class_list":{"0":"post-45759","1":"product","2":"type-product","3":"status-publish","4":"has-post-thumbnail","6":"product_cat-aventura-pt-br","7":"product_cat-presupuesto-pt-br","9":"first","10":"onbackorder","11":"virtual","12":"taxable","13":"product-type-simple"},"_links":{"self":[{"href":"https:\/\/kahuak.com.ar\/pt-br\/wp-json\/wp\/v2\/product\/45759","targetHints":{"allow":["GET"]}}],"collection":[{"href":"https:\/\/kahuak.com.ar\/pt-br\/wp-json\/wp\/v2\/product"}],"about":[{"href":"https:\/\/kahuak.com.ar\/pt-br\/wp-json\/wp\/v2\/types\/product"}],"wp:featuredmedia":[{"embeddable":true,"href":"https:\/\/kahuak.com.ar\/pt-br\/wp-json\/wp\/v2\/media\/45934"}],"wp:attachment":[{"href":"https:\/\/kahuak.com.ar\/pt-br\/wp-json\/wp\/v2\/media?parent=45759"}],"wp:term":[{"taxonomy":"product_brand","embeddable":true,"href":"https:\/\/kahuak.com.ar\/pt-br\/wp-json\/wp\/v2\/product_brand?post=45759"},{"taxonomy":"product_cat","embeddable":true,"href":"https:\/\/kahuak.com.ar\/pt-br\/wp-json\/wp\/v2\/product_cat?post=45759"},{"taxonomy":"product_tag","embeddable":true,"href":"https:\/\/kahuak.com.ar\/pt-br\/wp-json\/wp\/v2\/product_tag?post=45759"}],"curies":[{"name":"wp","href":"https:\/\/api.w.org\/{rel}","templated":true}]}}