{"id":45765,"date":"2024-08-25T15:19:16","date_gmt":"2024-08-25T15:19:16","guid":{"rendered":"https:\/\/kahuak.com.ar\/producto\/spa-termas-de-cacheuta\/"},"modified":"2024-08-25T15:24:23","modified_gmt":"2024-08-25T15:24:23","slug":"spa-termas-de-cacheuta","status":"publish","type":"product","link":"https:\/\/kahuak.com.ar\/pt-br\/producto\/spa-termas-de-cacheuta\/","title":{"rendered":"TERMAS DE CACHEUTA SPA"},"content":{"rendered":"<div class=\"st-overview\">\n<div class=\"st-description\" data-toggle-section=\"st-description\">\n<div class=\"st-overview\">\n<div class=\"st-description\" data-toggle-section=\"st-description\">\n<p>Desde a cidade de Mendoza nos dirigimos a Cacheuta, localizada na pr\u00e9 \u2013 cordilheira e onde se encontra o Hotel Termas de Cacheuta.<br \/>\nO circuito de \u00e1gua termal, rodeado de montanhas e junto ao rio Mendoza, \u00e9 voltado ao bem estar, vitalidade e sa\u00fade. Supervisionado por uma equipe especializada nos benef\u00edcios j\u00e1 demonstrados da \u00e1gua termal.<br \/>\nO circuito inclui piscinas naturais, cobertas e ao ar livre, com temperaturas que variam entre 20 e 40\u00baC, al\u00e9m disso \u00e9 poss\u00edvel aproveitar tamb\u00e9m a sala de vapor natural, hidromassagem,\u00a0<i>cama de burbujas<\/i>, duchas, piscina de \u00e1gua fria (tonificante), pedil\u00favio, solarium natural, piscina de nata\u00e7\u00e3o com \u00e1gua termal, aplica\u00e7\u00e3o de\u00a0<i>fango<\/i>\u00a0termal.\u00a0O almo\u00e7o ser\u00e1 no restaurante do hotel, um buffet livre\u00a0<i>criollo\u00a0<\/i>(parrilla completa com cortes de carne, carne su\u00edna e frango, inclui tamb\u00e9m frios tradicionais, variedades de verduras , saladas e sobremesa).<\/p>\n<\/div>\n<\/div>\n<div class=\"st-highlight\">\n<h3 class=\"st-section-title\">HIGHLIGHTS<\/h3>\n<ul>\n<li>Levar roupa confort\u00e1vel, traje de banho, toalha, \u00f3culos de sol e protetor solar.<\/li>\n<li>Apto para maiores de 14 anos.<\/li>\n<li>*pessoas com problemas card\u00edacos, mulheres gr\u00e1vidas ou alguma outra patologia consultar seu m\u00e9dico.<\/li>\n<li>Esta excurs\u00e3o \u00e9 realizada por nossa agencia parceira. N\u00c3O \u00e9 operada por Kahuak.<\/li>\n<\/ul>\n<\/div>\n<\/div>\n<\/div>\n","protected":false},"excerpt":{"rendered":"<ul>\n<li>Relaxe em \u00e1guas termais naturais com vistas para a montanha.<\/li>\n<li>Desfrute de um buffet t\u00edpico completo com del\u00edcias mendocinas.<\/li>\n<li>Revitalize-se com lama termal e diversas piscinas.<\/li>\n<\/ul>\n","protected":false},"featured_media":45997,"template":"","meta":{"_joinchat":[]},"product_brand":[],"product_cat":[218,210],"product_tag":[],"class_list":{"0":"post-45765","1":"product","2":"type-product","3":"status-publish","4":"has-post-thumbnail","6":"product_cat-presupuesto-pt-br","7":"product_cat-turismo-pt-br","9":"first","10":"onbackorder","11":"virtual","12":"taxable","13":"product-type-simple"},"_links":{"self":[{"href":"https:\/\/kahuak.com.ar\/pt-br\/wp-json\/wp\/v2\/product\/45765","targetHints":{"allow":["GET"]}}],"collection":[{"href":"https:\/\/kahuak.com.ar\/pt-br\/wp-json\/wp\/v2\/product"}],"about":[{"href":"https:\/\/kahuak.com.ar\/pt-br\/wp-json\/wp\/v2\/types\/product"}],"wp:featuredmedia":[{"embeddable":true,"href":"https:\/\/kahuak.com.ar\/pt-br\/wp-json\/wp\/v2\/media\/45997"}],"wp:attachment":[{"href":"https:\/\/kahuak.com.ar\/pt-br\/wp-json\/wp\/v2\/media?parent=45765"}],"wp:term":[{"taxonomy":"product_brand","embeddable":true,"href":"https:\/\/kahuak.com.ar\/pt-br\/wp-json\/wp\/v2\/product_brand?post=45765"},{"taxonomy":"product_cat","embeddable":true,"href":"https:\/\/kahuak.com.ar\/pt-br\/wp-json\/wp\/v2\/product_cat?post=45765"},{"taxonomy":"product_tag","embeddable":true,"href":"https:\/\/kahuak.com.ar\/pt-br\/wp-json\/wp\/v2\/product_tag?post=45765"}],"curies":[{"name":"wp","href":"https:\/\/api.w.org\/{rel}","templated":true}]}}