{"id":45785,"date":"2024-08-25T17:14:16","date_gmt":"2024-08-25T17:14:16","guid":{"rendered":"https:\/\/kahuak.com.ar\/producto\/cabalgata-quebrada-del-condor\/"},"modified":"2025-09-14T23:36:01","modified_gmt":"2025-09-14T23:36:01","slug":"cabalgata-quebrada-del-condor","status":"publish","type":"product","link":"https:\/\/kahuak.com.ar\/pt-br\/producto\/cabalgata-quebrada-del-condor\/","title":{"rendered":"CAVALGADA QUEBRADA DEL C\u00d3NDOR"},"content":{"rendered":"<div class=\"st-overview\">\n<div class=\"st-description\" data-toggle-section=\"st-description\">\n<div class=\"st-overview\">\n<div class=\"st-description\" data-toggle-section=\"st-description\">\n<p>Uma verdadeira experi\u00eancia a cavalo nos<b>\u00a0Andes<\/b>, a quase 3000 metros de altitude, com a impressionante paisagem do\u00a0<b>Cord\u00f3n del Plata<\/b>\u00a0e suas montanhas nevadas, no\u00a0<b>Valle de Uco<\/b>.<\/p>\n<p>Faremos o caminho at\u00e9 a Quebrada del C\u00f3ndor via\u00a0<b>Potrerillos<\/b>\u00a0e o mirante La Hoyada, onde teremos a sensa\u00e7\u00e3o de poder tocar as montanhas com as m\u00e3os.<\/p>\n<p>Aos p\u00e9s deste\u00a0<i>Cord\u00f3n<\/i>\u00a0montanhoso, vamos nos surpreender com a riqueza da flora e fauna da regi\u00e3o. Uma\u00a0<b>cavalgada<\/b>\u00a0de quase 4 horas nos espera para poder descobrir esse lugar maravilhoso.<\/p>\n<p>Para finalizar, os donos do local v\u00e3o preparar um completo\u00a0<b>Asado Criollo<\/b>\u00a0(t\u00edpico churrasco argentino).<\/p>\n<p>&nbsp;<\/p>\n<p><b>Dicas Kahuak para esta atividade:\u00a0<\/b><\/p>\n<ul>\n<li>Levar roupa confort\u00e1vel, cal\u00e7a comprida e protetor solar.<\/li>\n<li>N\u00e3o esque\u00e7a de levar \u00e1gua e bon\u00e9 ou chap\u00e9u.<\/li>\n<li>Excelente atividade para desfrutar ao ar livre.<\/li>\n<li>Guanacos, condores, raposas, lebres e uma incr\u00edvel variedade de aves ser\u00e3o nossa companhia durante o passeio.<\/li>\n<\/ul>\n<p>&nbsp;<\/p>\n<ul>\n<li><b>O Imperd\u00edvel:\u00a0O riacho de \u00e1guas cristalinas que atravessa a Quebrada \u00e9 ideal para a pr\u00e1tica de pesca com mosca.<\/b><\/li>\n<\/ul>\n<p>&nbsp;<\/p>\n<\/div>\n<\/div>\n<div class=\"st-highlight\">\n<h3 class=\"st-section-title\">HIGHLIGHTS<\/h3>\n<ul>\n<li>Hor\u00e1rio de partida* \/ chegada: a partir das 8h30 \/ 19h (aproximadamente)<\/li>\n<li>*os passageiros que estiverem hospedados fora da regi\u00e3o central de Mendoza dever\u00e3o combinar um ponto de encontro em algum hotel selecionado. Notar que os hor\u00e1rios em que buscamos os passageiros para a realiza\u00e7\u00e3o dos tours podem sofrer um atraso de 30 a 45 minutos.<\/li>\n<li>Disponibilidade: Dispon\u00edvel de outubro a maio. Minimo 2 pessoas.<\/li>\n<li>Para preservar a seguran\u00e7a dos passageiros em caso de conting\u00eancias clim\u00e1ticas, podemos informar a suspens\u00e3o do servi\u00e7o inclusive no mesmo dia da atividade. Existe a possibilidade de reprogramar ou receber a devolu\u00e7\u00e3o completa do valor da excurs\u00e3o.<\/li>\n<\/ul>\n<\/div>\n<\/div>\n<\/div>\n<div class=\"st-include\"><\/div>\n","protected":false},"excerpt":{"rendered":"<ul>\n<li>Cavale a 3000 metros de altura com vistas impressionantes do Cord\u00f3n del Plata.<\/li>\n<li>Explore a Quebrada del C\u00f3ndor e Potrerillos em uma aventura de 4 horas a cavalo.<\/li>\n<li>Desfrute de um menu t\u00edpico aut\u00eantico ao final da experi\u00eancia.<\/li>\n<\/ul>\n","protected":false},"featured_media":45854,"template":"","meta":{"_joinchat":[]},"product_brand":[],"product_cat":[206],"product_tag":[],"class_list":{"0":"post-45785","1":"product","2":"type-product","3":"status-publish","4":"has-post-thumbnail","6":"product_cat-aventura-pt-br","8":"first","9":"instock","10":"virtual","11":"sold-individually","12":"taxable","13":"purchasable","14":"product-type-booking"},"_links":{"self":[{"href":"https:\/\/kahuak.com.ar\/pt-br\/wp-json\/wp\/v2\/product\/45785","targetHints":{"allow":["GET"]}}],"collection":[{"href":"https:\/\/kahuak.com.ar\/pt-br\/wp-json\/wp\/v2\/product"}],"about":[{"href":"https:\/\/kahuak.com.ar\/pt-br\/wp-json\/wp\/v2\/types\/product"}],"wp:featuredmedia":[{"embeddable":true,"href":"https:\/\/kahuak.com.ar\/pt-br\/wp-json\/wp\/v2\/media\/45854"}],"wp:attachment":[{"href":"https:\/\/kahuak.com.ar\/pt-br\/wp-json\/wp\/v2\/media?parent=45785"}],"wp:term":[{"taxonomy":"product_brand","embeddable":true,"href":"https:\/\/kahuak.com.ar\/pt-br\/wp-json\/wp\/v2\/product_brand?post=45785"},{"taxonomy":"product_cat","embeddable":true,"href":"https:\/\/kahuak.com.ar\/pt-br\/wp-json\/wp\/v2\/product_cat?post=45785"},{"taxonomy":"product_tag","embeddable":true,"href":"https:\/\/kahuak.com.ar\/pt-br\/wp-json\/wp\/v2\/product_tag?post=45785"}],"curies":[{"name":"wp","href":"https:\/\/api.w.org\/{rel}","templated":true}]}}