{"id":45790,"date":"2024-08-25T17:25:46","date_gmt":"2024-08-25T17:25:46","guid":{"rendered":"https:\/\/kahuak.com.ar\/producto\/trekking-quebrada-del-condor-dia-completo\/"},"modified":"2025-09-14T23:39:58","modified_gmt":"2025-09-14T23:39:58","slug":"trekking-quebrada-del-condor-dia-completo","status":"publish","type":"product","link":"https:\/\/kahuak.com.ar\/pt-br\/producto\/trekking-quebrada-del-condor-dia-completo\/","title":{"rendered":"TREKKING QUEBRADA DEL CONDOR \u2013 D\u00eda Completo"},"content":{"rendered":"<div class=\"st-overview\">\n<div class=\"st-description\" data-toggle-section=\"st-description\">\n<div class=\"st-overview\">\n<div class=\"st-description\" data-toggle-section=\"st-description\">\n<p>Aos p\u00e9s do\u00a0<i>Cord\u00f3n del Plata<\/i>, no Valle de Uco, desfrutaremos de uma caminhada para conhecer\u00a0 a riqueza da flora e fauna da regi\u00e3o. Chegaremos a um mirante a quase 3000m de altitude, onde poderemos apreciar a paisagem \u00fanica do Cord\u00f3n del Plata e do Valle de Potrerillos.<\/p>\n<\/div>\n<\/div>\n<div class=\"st-highlight\">\n<h3 class=\"st-section-title\">HIGHLIGHTS<\/h3>\n<ul>\n<li>Hor\u00e1rios de partida \/ chegada: a partir das 8h30 \/ 19h aproximadamente<\/li>\n<li>Disponibilidade: Dispon\u00edvel apenas durante a primavera\/ver\u00e3o. M\u00ednimo: 2 passageiros<\/li>\n<li>Dura\u00e7\u00e3o da atividade: entre 3 e 4 horas de caminhada<\/li>\n<li>Dificuldade: Moderado \/ Dif\u00edcil<\/li>\n<li>*os passageiros que estiverem hospedados fora da regi\u00e3o central de Mendoza dever\u00e3o combinar um ponto de encontro em algum hotel selecionado. Notar que os hor\u00e1rios em que buscamos os passageiros para a realiza\u00e7\u00e3o dos tours podem sofrer um atraso de 30 a 45 minutos.<\/li>\n<li>Dicas Kahuak: Levar roupa confort\u00e1vel, casaco, cal\u00e7ado adequado para caminhada por terreno montanhoso e protetor solar.<\/li>\n<\/ul>\n<\/div>\n<div class=\"st-include\"><\/div>\n<\/div>\n<\/div>\n","protected":false},"excerpt":{"rendered":"<ul>\n<li>Caminhada at\u00e9 o mirante a 3000 metros acima do n\u00edvel do mar com vistas \u00fanicas do Cord\u00f3n del Plata.<\/li>\n<li>Descubra a flora e fauna do Vale de Uco em um percurso imersivo.<\/li>\n<li>Admire paisagens espetaculares do Cord\u00f3n del Plata e do Vale de Potrerillos.<\/li>\n<\/ul>\n","protected":false},"featured_media":45879,"template":"","meta":{"_joinchat":[]},"product_brand":[],"product_cat":[206],"product_tag":[],"class_list":{"0":"post-45790","1":"product","2":"type-product","3":"status-publish","4":"has-post-thumbnail","6":"product_cat-aventura-pt-br","8":"first","9":"onbackorder","10":"virtual","11":"sold-individually","12":"taxable","13":"purchasable","14":"product-type-booking"},"_links":{"self":[{"href":"https:\/\/kahuak.com.ar\/pt-br\/wp-json\/wp\/v2\/product\/45790","targetHints":{"allow":["GET"]}}],"collection":[{"href":"https:\/\/kahuak.com.ar\/pt-br\/wp-json\/wp\/v2\/product"}],"about":[{"href":"https:\/\/kahuak.com.ar\/pt-br\/wp-json\/wp\/v2\/types\/product"}],"wp:featuredmedia":[{"embeddable":true,"href":"https:\/\/kahuak.com.ar\/pt-br\/wp-json\/wp\/v2\/media\/45879"}],"wp:attachment":[{"href":"https:\/\/kahuak.com.ar\/pt-br\/wp-json\/wp\/v2\/media?parent=45790"}],"wp:term":[{"taxonomy":"product_brand","embeddable":true,"href":"https:\/\/kahuak.com.ar\/pt-br\/wp-json\/wp\/v2\/product_brand?post=45790"},{"taxonomy":"product_cat","embeddable":true,"href":"https:\/\/kahuak.com.ar\/pt-br\/wp-json\/wp\/v2\/product_cat?post=45790"},{"taxonomy":"product_tag","embeddable":true,"href":"https:\/\/kahuak.com.ar\/pt-br\/wp-json\/wp\/v2\/product_tag?post=45790"}],"curies":[{"name":"wp","href":"https:\/\/api.w.org\/{rel}","templated":true}]}}