{"id":45796,"date":"2024-08-25T17:36:04","date_gmt":"2024-08-25T17:36:04","guid":{"rendered":"https:\/\/kahuak.com.ar\/producto\/travesia-aconcagua\/"},"modified":"2025-01-24T16:54:32","modified_gmt":"2025-01-24T16:54:32","slug":"travesia-aconcagua","status":"publish","type":"product","link":"https:\/\/kahuak.com.ar\/pt-br\/producto\/travesia-aconcagua\/","title":{"rendered":"TRAVESSIA ACONC\u00c1GUA"},"content":{"rendered":"<div class=\"st-overview\">\n<div class=\"st-description\" data-toggle-section=\"st-description\">\n<div class=\"st-overview\">\n<div class=\"st-description\" data-toggle-section=\"st-description\">\n<p>Essa expedi\u00e7\u00e3o de tr\u00eas dias vai permitir ver a montanha mais alta da Am\u00e9rica em todo o seu esplendor. Caminharemos por suas trilhas e dormiremos duas noites no acampamento base chamado \u201cConfluencia\u201d, parada obrigat\u00f3ria para muitas das expedi\u00e7\u00f5es que buscam conquistar o cume. Tamb\u00e9m iremos ao famoso acampamento \u201cPlaza Francia\u201d, localizado a 4200 metros de altitude, lugar com as melhores vistas do monte Aconc\u00e1gua.<\/p>\n<\/div>\n<\/div>\n<div class=\"st-highlight\">\n<h3 class=\"st-section-title\">HIGHLIGHTS<\/h3>\n<ul>\n<li>Hor\u00e1rios de partida \/ chegada: a partir das 7h \/ no terceiro dia: 20h30 aproximadamente<\/li>\n<li>Disponibilidade: Tercas e Sextas (Desde 15 de novembro at\u00e9 1\u00b0 de mar\u00e7o)<\/li>\n<li>Dura\u00e7\u00e3o da atividade: 3 dias<\/li>\n<li>*os passageiros que estiverem hospedados fora da regi\u00e3o central de Mendoza dever\u00e3o combinar um ponto de encontro em algum hotel selecionado. Notar que os hor\u00e1rios em que buscamos os passageiros para a realiza\u00e7\u00e3o dos tours podem sofrer um atraso de 30 a 45 minutos.<\/li>\n<li>Dicas Kahuak para esta atividade:<\/li>\n<li>Consultar por equipamentos recomendados.<\/li>\n<li>\u00c9 necess\u00e1rio estar na cidade um dia antes da sa\u00edda para verificar o equipamento e realizar o tr\u00e2mite para o ingresso ao Parque Aconc\u00e1gua.<\/li>\n<li>A atividade n\u00e3o \u00e9 apta para menores de 18 anos. Indispens\u00e1vel levar documenta\u00e7\u00e3o pessoal.<\/li>\n<\/ul>\n<\/div>\n<\/div>\n<\/div>\n","protected":false},"excerpt":{"rendered":"<ul>\n<li>Explore o cerro mais alto da Am\u00e9rica em uma travessia de 3 dias.<\/li>\n<li>Pernoite no acampamento base Confluencia e vivencie a experi\u00eancia das expedi\u00e7\u00f5es.<\/li>\n<li>Admire vistas incompar\u00e1veis de Plaza Francia a 4200 metros acima do n\u00edvel do mar.<\/li>\n<\/ul>\n","protected":false},"featured_media":45921,"template":"","meta":{"_joinchat":[]},"product_brand":[],"product_cat":[206,218],"product_tag":[],"class_list":{"0":"post-45796","1":"product","2":"type-product","3":"status-publish","4":"has-post-thumbnail","6":"product_cat-aventura-pt-br","7":"product_cat-presupuesto-pt-br","9":"first","10":"onbackorder","11":"taxable","12":"shipping-taxable","13":"product-type-simple"},"_links":{"self":[{"href":"https:\/\/kahuak.com.ar\/pt-br\/wp-json\/wp\/v2\/product\/45796","targetHints":{"allow":["GET"]}}],"collection":[{"href":"https:\/\/kahuak.com.ar\/pt-br\/wp-json\/wp\/v2\/product"}],"about":[{"href":"https:\/\/kahuak.com.ar\/pt-br\/wp-json\/wp\/v2\/types\/product"}],"wp:featuredmedia":[{"embeddable":true,"href":"https:\/\/kahuak.com.ar\/pt-br\/wp-json\/wp\/v2\/media\/45921"}],"wp:attachment":[{"href":"https:\/\/kahuak.com.ar\/pt-br\/wp-json\/wp\/v2\/media?parent=45796"}],"wp:term":[{"taxonomy":"product_brand","embeddable":true,"href":"https:\/\/kahuak.com.ar\/pt-br\/wp-json\/wp\/v2\/product_brand?post=45796"},{"taxonomy":"product_cat","embeddable":true,"href":"https:\/\/kahuak.com.ar\/pt-br\/wp-json\/wp\/v2\/product_cat?post=45796"},{"taxonomy":"product_tag","embeddable":true,"href":"https:\/\/kahuak.com.ar\/pt-br\/wp-json\/wp\/v2\/product_tag?post=45796"}],"curies":[{"name":"wp","href":"https:\/\/api.w.org\/{rel}","templated":true}]}}