{"id":49711,"date":"2025-12-29T04:26:12","date_gmt":"2025-12-29T04:26:12","guid":{"rendered":"https:\/\/kahuak.com.ar\/producto\/transfer-to-potrerillos\/"},"modified":"2026-01-09T14:48:19","modified_gmt":"2026-01-09T14:48:19","slug":"transfer-para-potrerillos","status":"publish","type":"product","link":"https:\/\/kahuak.com.ar\/pt-br\/producto\/transfer-para-potrerillos\/","title":{"rendered":"TRANSFER PARA POTRERILLOS"},"content":{"rendered":"<p>Chegar a Potrerillos n\u00e3o \u00e9 apenas uma transfer\u00eancia: \u00e9 o primeiro passo para come\u00e7ar sua aventura na montanha. Esta proposta \u00e9 projetada para aqueles que entendem que viajar importa tanto quanto o destino, e que escolher como chegar l\u00e1 tamb\u00e9m define a experi\u00eancia.<\/p>\n<p>Durante o passeio, a paisagem se transforma: a cidade fica atr\u00e1s e a estrada come\u00e7a a se abrir entre montanhas, rios e curvas panor\u00e2micas que antecipam tudo o que Potrerillos tem para oferecer. Uma viagem ideal para desfrutar sem problemas, observar o ambiente e se conectar com a natureza antes de viver uma das muitas atividades na \u00e1rea.<\/p>\n<p>As transfer\u00eancias s\u00e3o feitas em carros de alta qualidade, com motoristas profissionais, garantindo conforto, seguran\u00e7a e tranquilidade. Voc\u00ea s\u00f3 cuida de apreciar a paisagem: n\u00f3s o levamos, esperamos por voc\u00ea e o acompanhamos nos tempos que voc\u00ea precisa, para que sua experi\u00eancia seja fluida e sem preocupa\u00e7\u00f5es.<\/p>\n<p>Sa\u00eddas todos os dias, com hor\u00e1rio para concordar, adaptando-se ao seu plano e \u00e0s atividades que voc\u00ea escolhe fazer em Potrerillos.<\/p>\n<p>&nbsp;<\/p>\n<h5><span style=\"color: #bd3c3c;\"><b>Dicas Kahuak para esta atividade:Tips Kahuak for this activity:<\/b><\/span><\/h5>\n<ul>\n<li>Ideal para quem procura conforto, flexibilidade e uma experi\u00eancia cuidadosa desde o primeiro momento.<\/li>\n<li>Perfeito para atividades como Passeio de Veleiro ou Voo de Helic\u00f3ptero.<\/li>\n<li>Recomendamos sair cedo e carregar uma c\u00e2mera: a estrada oferece cart\u00f5es postais exclusivos.<\/li>\n<li>Servi\u00e7o projetado para desfrutar da montanha sem estresse ou log\u00edstica.<\/li>\n<\/ul>\n<h5><span style=\"color: #bd3c3c;\"><b>O Imperd\u00edvel:<\/b><\/span><\/h5>\n<p>A estrada para Potrerillos segue o curso do rio Mendoza, uma das mais belas rotas panor\u00e2micas da prov\u00edncia.<\/p>\n","protected":false},"excerpt":{"rendered":"<p>Transfer\u00eancia por ve\u00edculo high-end.<br \/>\nUm motorista profissional ir\u00e1 acompanh\u00e1-lo durante todo o passeio.<br \/>\nIdeal para desfrutar de paisagens de montanha.<\/p>\n","protected":false},"featured_media":45041,"template":"","meta":{"_joinchat":[]},"product_brand":[],"product_cat":[259],"product_tag":[],"class_list":{"0":"post-49711","1":"product","2":"type-product","3":"status-publish","4":"has-post-thumbnail","6":"product_cat-sin-categorizar-pt-br","8":"first","9":"instock","10":"virtual","11":"sold-individually","12":"taxable","13":"purchasable","14":"product-type-booking"},"_links":{"self":[{"href":"https:\/\/kahuak.com.ar\/pt-br\/wp-json\/wp\/v2\/product\/49711","targetHints":{"allow":["GET"]}}],"collection":[{"href":"https:\/\/kahuak.com.ar\/pt-br\/wp-json\/wp\/v2\/product"}],"about":[{"href":"https:\/\/kahuak.com.ar\/pt-br\/wp-json\/wp\/v2\/types\/product"}],"wp:featuredmedia":[{"embeddable":true,"href":"https:\/\/kahuak.com.ar\/pt-br\/wp-json\/wp\/v2\/media\/45041"}],"wp:attachment":[{"href":"https:\/\/kahuak.com.ar\/pt-br\/wp-json\/wp\/v2\/media?parent=49711"}],"wp:term":[{"taxonomy":"product_brand","embeddable":true,"href":"https:\/\/kahuak.com.ar\/pt-br\/wp-json\/wp\/v2\/product_brand?post=49711"},{"taxonomy":"product_cat","embeddable":true,"href":"https:\/\/kahuak.com.ar\/pt-br\/wp-json\/wp\/v2\/product_cat?post=49711"},{"taxonomy":"product_tag","embeddable":true,"href":"https:\/\/kahuak.com.ar\/pt-br\/wp-json\/wp\/v2\/product_tag?post=49711"}],"curies":[{"name":"wp","href":"https:\/\/api.w.org\/{rel}","templated":true}]}}