{"id":49786,"date":"2025-12-29T04:12:57","date_gmt":"2025-12-29T04:12:57","guid":{"rendered":"https:\/\/kahuak.com.ar\/producto\/walking-city-tour\/"},"modified":"2026-01-12T18:41:35","modified_gmt":"2026-01-12T18:41:35","slug":"walking-city-tour","status":"publish","type":"product","link":"https:\/\/kahuak.com.ar\/pt-br\/producto\/walking-city-tour\/","title":{"rendered":"WALKING CITY TOUR"},"content":{"rendered":"<p>Passeio pela cidade a p\u00e9 \u2013 Mendoza<\/p>\n<p>Descubra o cora\u00e7\u00e3o de Mendoza atrav\u00e9s de uma excurs\u00e3o a p\u00e9 projetada para explorar a cidade a p\u00e9, em um ritmo descontra\u00eddo e amig\u00e1vel, combinando hist\u00f3ria, cultura e sabores regionais.<\/p>\n<p>Esta experi\u00eancia \u00e9 ideal para viajantes que querem explorar Mendoza por dentro, caminhando por suas ruas mais tradicionais, espa\u00e7os verdes e esquinas com identidade local, acompanhados por um guia que conecta o passado e o presente em cada parada.<\/p>\n<p>O passeio come\u00e7a na ic\u00f4nica Biblioteca de San Mart\u00edn, nosso ponto de encontro, de onde come\u00e7amos uma caminhada por locais hist\u00f3ricos como o Paseo La Alameda, o hist\u00f3rico Canal de Tajamar e o Monumento a Fray Luis Beltr\u00e1n, uma figura-chave na hist\u00f3ria nacional da Argentina.<\/p>\n<p>A caminhada continua para o cl\u00e1ssico Mercado Central, com tempo livre para explorar e desfrutar da atmosfera local. Em seguida, visitamos a Pra\u00e7a San Mart\u00edn e a Bas\u00edlica de S\u00e3o Francisco, onde repousam os restos da filha do general Jos\u00e9 de San Mart\u00edn.<\/p>\n<p>A experi\u00eancia adiciona sabores locais com uma degusta\u00e7\u00e3o de vinho artesanal e Entre Dos alfajores no Pando, uma loja de produtos regionais tradicionais, e termina em uma nota doce com sorvete artesanal na famosa sorveteria Famiglia Per\u00edn. O passeio termina na Pra\u00e7a Independencia, o verdadeiro cora\u00e7\u00e3o da cidade.<\/p>\n<p>Dicas Kahuak Para Esta Experi\u00eancia<\/p>\n<p>Ideal para quem procura uma atividade din\u00e2mica, acess\u00edvel e cultural, perfeita para um primeiro dia em Mendoza.<br \/>\nRecomendamos cal\u00e7ado confort\u00e1vel, um chap\u00e9u e \u00e1gua, especialmente em dias de sol.<br \/>\nUma excelente op\u00e7\u00e3o para viajantes curiosos que gostam de descobrir a cidade atrav\u00e9s de suas hist\u00f3rias e sabores locais.<br \/>\nUm passeio com timing descontra\u00eddo e paradas estrat\u00e9gicas, projetado para ser apreciado sem pressa.<\/p>\n<p>Um Must-Do<\/p>\n<p>Mendoza foi uma das primeiras cidades da Argentina a desenvolver um sistema de canal de irriga\u00e7\u00e3o urbana, como o Canal de Tajamar, que ainda hoje atravessa a cidade e tornou poss\u00edvel que este o\u00e1sis crescesse no meio do deserto.<br \/>\nDetalhes da excurs\u00e3o<\/p>\n<p>Dist\u00e2ncia: aprox. 4 km<\/p>\n<p>Dificuldade: baixa<\/p>\n<p>Dias: quartas e sextas-feiras<\/p>\n<p>Hor\u00e1rio: 9:00 am to 1:00 pm<\/p>\n<p>Partidas confirmadas: m\u00ednimo 4 participante<\/p>\n","protected":false},"excerpt":{"rendered":"<p>Caminhe para conhecer a cidade de Mendoza a p\u00e9.<br \/>\nVoc\u00ea aprender\u00e1 sobre hist\u00f3ria, cultura e geografia.<br \/>\nTour de barracas cl\u00e1ssicas.<\/p>\n","protected":false},"featured_media":45098,"template":"","meta":{"_joinchat":[]},"product_brand":[],"product_cat":[210],"product_tag":[],"class_list":{"0":"post-49786","1":"product","2":"type-product","3":"status-publish","4":"has-post-thumbnail","6":"product_cat-turismo-pt-br","8":"first","9":"instock","10":"virtual","11":"sold-individually","12":"taxable","13":"purchasable","14":"product-type-booking"},"_links":{"self":[{"href":"https:\/\/kahuak.com.ar\/pt-br\/wp-json\/wp\/v2\/product\/49786","targetHints":{"allow":["GET"]}}],"collection":[{"href":"https:\/\/kahuak.com.ar\/pt-br\/wp-json\/wp\/v2\/product"}],"about":[{"href":"https:\/\/kahuak.com.ar\/pt-br\/wp-json\/wp\/v2\/types\/product"}],"wp:featuredmedia":[{"embeddable":true,"href":"https:\/\/kahuak.com.ar\/pt-br\/wp-json\/wp\/v2\/media\/45098"}],"wp:attachment":[{"href":"https:\/\/kahuak.com.ar\/pt-br\/wp-json\/wp\/v2\/media?parent=49786"}],"wp:term":[{"taxonomy":"product_brand","embeddable":true,"href":"https:\/\/kahuak.com.ar\/pt-br\/wp-json\/wp\/v2\/product_brand?post=49786"},{"taxonomy":"product_cat","embeddable":true,"href":"https:\/\/kahuak.com.ar\/pt-br\/wp-json\/wp\/v2\/product_cat?post=49786"},{"taxonomy":"product_tag","embeddable":true,"href":"https:\/\/kahuak.com.ar\/pt-br\/wp-json\/wp\/v2\/product_tag?post=49786"}],"curies":[{"name":"wp","href":"https:\/\/api.w.org\/{rel}","templated":true}]}}